{"id":36535,"date":"2026-02-10T04:55:00","date_gmt":"2026-02-10T04:55:00","guid":{"rendered":"https:\/\/avtenta.si\/sl\/?page_id=36535"},"modified":"2026-02-10T08:31:22","modified_gmt":"2026-02-10T08:31:22","slug":"primer-dobre-prakse-kovinstrade","status":"publish","type":"page","link":"https:\/\/avtenta.si\/sl\/prenos-dokumenta\/","title":{"rendered":"Primer dobre prakse Kovintrade"},"content":{"rendered":"\t\t<div data-elementor-type=\"wp-page\" data-elementor-id=\"36535\" class=\"elementor elementor-36535\" data-elementor-post-type=\"page\">\n\t\t\t\t<div class=\"wd-negative-gap elementor-element elementor-element-2907eb1 wd-section-stretch e-flex e-con-boxed e-con e-parent\" data-id=\"2907eb1\" data-element_type=\"container\" data-settings=\"{&quot;background_background&quot;:&quot;classic&quot;}\">\n\t\t\t\t\t<div class=\"e-con-inner\">\n\t\t<div class=\"elementor-element elementor-element-f958f57 e-con-full e-flex e-con e-child\" data-id=\"f958f57\" data-element_type=\"container\">\n\t\t\t\t<div class=\"elementor-element elementor-element-486da9b wd-width-100 elementor-widget elementor-widget-wd_title\" data-id=\"486da9b\" data-element_type=\"widget\" data-widget_type=\"wd_title.default\">\n\t\t\t\t<div class=\"elementor-widget-container\">\n\t\t\t\t\t\t\t<div class=\"title-wrapper wd-set-mb reset-last-child wd-title-color-default wd-title-style-default wd-title-size-default text-left\">\n\n\t\t\t\n\t\t\t<div class=\"liner-continer\">\n\t\t\t\t<h1 class=\"woodmart-title-container title wd-fontsize-l\"><b><\/b><\/h1> \n\t\t\t\t\t\t\t<\/div>\n\n\t\t\t\t\t<\/div>\n\t\t\t\t\t\t<\/div>\n\t\t\t\t<\/div>\n\t\t\t\t<div class=\"elementor-element elementor-element-1205894 elementor-hidden-tablet elementor-hidden-mobile elementor-widget elementor-widget-spacer\" data-id=\"1205894\" data-element_type=\"widget\" data-widget_type=\"spacer.default\">\n\t\t\t\t\t\t\t<div class=\"elementor-spacer\">\n\t\t\t<div class=\"elementor-spacer-inner\"><\/div>\n\t\t<\/div>\n\t\t\t\t\t\t<\/div>\n\t\t\t\t<\/div>\n\t\t\t\t\t<\/div>\n\t\t\t\t<\/div>\n\t\t<div class=\"wd-negative-gap elementor-element elementor-element-d3fd72f wd-section-stretch e-flex e-con-boxed e-con e-parent\" data-id=\"d3fd72f\" data-element_type=\"container\" data-settings=\"{&quot;background_background&quot;:&quot;classic&quot;}\">\n\t\t\t\t\t<div class=\"e-con-inner\">\n\t\t\t\t<div class=\"elementor-element elementor-element-eedc536 elementor-widget__width-inherit wd-el-breadcrumbs text-left elementor-widget elementor-widget-wd_element_breadcrumbs\" data-id=\"eedc536\" data-element_type=\"widget\" data-widget_type=\"wd_element_breadcrumbs.default\">\n\t\t\t\t<div class=\"elementor-widget-container\">\n\t\t\t\t\t<nav class=\"wd-breadcrumbs\"><a href=\"https:\/\/avtenta.si\/sl\/\">Domov<\/a><span class=\"wd-delimiter\"><\/span><span class=\"wd-last\">Stran<\/span><\/nav>\t\t\t\t<\/div>\n\t\t\t\t<\/div>\n\t\t\t\t\t<\/div>\n\t\t\t\t<\/div>\n\t\t<div class=\"wd-negative-gap elementor-element elementor-element-c1acfd4 wd-section-stretch e-flex e-con-boxed e-con e-parent\" data-id=\"c1acfd4\" data-element_type=\"container\" id=\"kontakt\" data-settings=\"{&quot;background_background&quot;:&quot;classic&quot;}\">\n\t\t\t\t\t<div class=\"e-con-inner\">\n\t\t\t\t<div class=\"elementor-element elementor-element-32d8ef9 elementor-widget__width-initial elementor-widget-tablet__width-inherit wd-width-100 elementor-widget elementor-widget-wd_title\" data-id=\"32d8ef9\" data-element_type=\"widget\" data-widget_type=\"wd_title.default\">\n\t\t\t\t<div class=\"elementor-widget-container\">\n\t\t\t\t\t\t\t<div class=\"title-wrapper wd-set-mb reset-last-child wd-title-color-primary wd-title-style-default wd-title-size-large text-left\">\n\n\t\t\t\n\t\t\t<div class=\"liner-continer\">\n\t\t\t\t<h2 class=\"woodmart-title-container title wd-fontsize-xxl\"><strong>Zahvaljujemo se vam da ste izkazali zanimanje za na\u0161e vsebine.<\/strong><br> Vsebino lahko prenesete na spodnji povezavi. <br>Za vsa morebitna vpra\u0161anja smo vam na voljo.<\/h2> \n\t\t\t\t\t\t\t<\/div>\n\n\t\t\t\t\t<\/div>\n\t\t\t\t\t\t<\/div>\n\t\t\t\t<\/div>\n\t\t\t\t\t<\/div>\n\t\t\t\t<\/div>\n\t\t<div class=\"wd-negative-gap elementor-element elementor-element-12c25fd wd-section-stretch e-flex e-con-boxed e-con e-parent\" data-id=\"12c25fd\" data-element_type=\"container\" data-settings=\"{&quot;background_background&quot;:&quot;classic&quot;}\">\n\t\t\t\t\t<div class=\"e-con-inner\">\n\t\t\t\t<div class=\"elementor-element elementor-element-0598f2b elementor-widget__width-auto elementor-widget elementor-widget-wd_button\" data-id=\"0598f2b\" data-element_type=\"widget\" data-widget_type=\"wd_button.default\">\n\t\t\t\t<div class=\"elementor-widget-container\">\n\t\t\t\t\t\t\t<div class=\"wd-button-wrapper text-center\" >\n\t\t\t<a class=\"btn btn-style-default btn-shape-rectangle btn-size-extra-large btn-color-primary btn-icon-pos-right\"  href=\"https:\/\/avtenta.si\/sl\/wp-content\/uploads\/2026\/02\/kovintrade-2026.pdf\" target=\"_blank\">\n\t\t\t\t<span class=\"wd-btn-text\" data-elementor-setting-key=\"text\">\n\t\t\t\t\tPRENOS DOKUMENTA\t\t\t\t<\/span>\n\n\t\t\t\t\t\t\t<\/a>\n\t\t<\/div>\n\t\t\t\t\t\t<\/div>\n\t\t\t\t<\/div>\n\t\t\t\t<div class=\"elementor-element elementor-element-541c27e elementor-widget__width-auto elementor-widget elementor-widget-wd_button\" data-id=\"541c27e\" data-element_type=\"widget\" data-widget_type=\"wd_button.default\">\n\t\t\t\t<div class=\"elementor-widget-container\">\n\t\t\t\t\t\t\t<div class=\"wd-button-wrapper text-center\" >\n\t\t\t<a class=\"btn btn-style-default btn-shape-rectangle btn-size-extra-large btn-color-primary btn-icon-pos-right\"  href=\"https:\/\/avtenta.si\/sl\/\" target=\"_blank\">\n\t\t\t\t<span class=\"wd-btn-text\" data-elementor-setting-key=\"text\">\n\t\t\t\t\tNAZAJ NA DOMA\u010cO STRAN\t\t\t\t<\/span>\n\n\t\t\t\t\t\t\t<\/a>\n\t\t<\/div>\n\t\t\t\t\t\t<\/div>\n\t\t\t\t<\/div>\n\t\t\t\t\t<\/div>\n\t\t\t\t<\/div>\n\t\t\t\t<\/div>\n\t\t","protected":false},"excerpt":{"rendered":"<p>DomovStran Zahvaljujemo se vam da ste izkazali zanimanje za na\u0161e vsebine. Vsebino lahko prenesete na spodnji povezavi. Za vsa morebitna<\/p>\n","protected":false},"author":1,"featured_media":35116,"parent":30142,"menu_order":0,"comment_status":"closed","ping_status":"closed","template":"","meta":{"footnotes":""},"class_list":["post-36535","page","type-page","status-publish","has-post-thumbnail","hentry"],"yoast_head":"<!-- This site is optimized with the Yoast SEO plugin v27.0 - https:\/\/yoast.com\/product\/yoast-seo-wordpress\/ -->\n<title>Prenos dokumenta Kovintrade - primer dobre prakse<\/title>\n<meta name=\"description\" content=\"Preverite kako v praksi poteka prehod na SAP S\/4 HANA v oblak, vklju\u010dno s klju\u010dnimi odlo\u010ditvami, izzivi in pridobljenimi spoznanji.\" \/>\n<meta name=\"robots\" content=\"index, follow, max-snippet:-1, max-image-preview:large, max-video-preview:-1\" \/>\n<link rel=\"canonical\" href=\"https:\/\/avtenta.si\/sl\/prenos-dokumenta\/\" \/>\n<meta property=\"og:locale\" content=\"sl_SI\" \/>\n<meta property=\"og:type\" content=\"article\" \/>\n<meta property=\"og:title\" content=\"Prenos dokumenta Kovintrade - primer dobre prakse\" \/>\n<meta property=\"og:description\" content=\"Preverite kako v praksi poteka prehod na SAP S\/4 HANA v oblak, vklju\u010dno s klju\u010dnimi odlo\u010ditvami, izzivi in pridobljenimi spoznanji.\" \/>\n<meta property=\"og:url\" content=\"https:\/\/avtenta.si\/sl\/prenos-dokumenta\/\" \/>\n<meta property=\"og:site_name\" content=\"Avtenta - SAP re\u0161itve in brezpapirno poslovanje\" \/>\n<meta property=\"article:modified_time\" content=\"2026-02-10T08:31:22+00:00\" \/>\n<meta property=\"og:image\" content=\"https:\/\/avtenta.si\/sl\/wp-content\/uploads\/2025\/12\/logo-Avtenta.jpg\" \/>\n\t<meta property=\"og:image:width\" content=\"800\" \/>\n\t<meta property=\"og:image:height\" content=\"800\" \/>\n\t<meta property=\"og:image:type\" content=\"image\/jpeg\" \/>\n<meta name=\"twitter:card\" content=\"summary_large_image\" \/>\n<meta name=\"twitter:label1\" content=\"Est. reading time\" \/>\n\t<meta name=\"twitter:data1\" content=\"1 minuta\" \/>\n<script type=\"application\/ld+json\" class=\"yoast-schema-graph\">{\"@context\":\"https:\/\/schema.org\",\"@graph\":[{\"@type\":\"WebPage\",\"@id\":\"https:\/\/avtenta.si\/sl\/prenos-dokumenta\/\",\"url\":\"https:\/\/avtenta.si\/sl\/prenos-dokumenta\/\",\"name\":\"Prenos dokumenta Kovintrade - primer dobre prakse\",\"isPartOf\":{\"@id\":\"https:\/\/avtenta.si\/sl\/#website\"},\"primaryImageOfPage\":{\"@id\":\"https:\/\/avtenta.si\/sl\/prenos-dokumenta\/#primaryimage\"},\"image\":{\"@id\":\"https:\/\/avtenta.si\/sl\/prenos-dokumenta\/#primaryimage\"},\"thumbnailUrl\":\"https:\/\/avtenta.si\/sl\/wp-content\/uploads\/2025\/12\/logo-Avtenta.jpg\",\"datePublished\":\"2026-02-10T04:55:00+00:00\",\"dateModified\":\"2026-02-10T08:31:22+00:00\",\"description\":\"Preverite kako v praksi poteka prehod na SAP S\/4 HANA v oblak, vklju\u010dno s klju\u010dnimi odlo\u010ditvami, izzivi in pridobljenimi spoznanji.\",\"breadcrumb\":{\"@id\":\"https:\/\/avtenta.si\/sl\/prenos-dokumenta\/#breadcrumb\"},\"inLanguage\":\"sl-SI\",\"potentialAction\":[{\"@type\":\"ReadAction\",\"target\":[\"https:\/\/avtenta.si\/sl\/prenos-dokumenta\/\"]}]},{\"@type\":\"ImageObject\",\"inLanguage\":\"sl-SI\",\"@id\":\"https:\/\/avtenta.si\/sl\/prenos-dokumenta\/#primaryimage\",\"url\":\"https:\/\/avtenta.si\/sl\/wp-content\/uploads\/2025\/12\/logo-Avtenta.jpg\",\"contentUrl\":\"https:\/\/avtenta.si\/sl\/wp-content\/uploads\/2025\/12\/logo-Avtenta.jpg\",\"width\":800,\"height\":800,\"caption\":\"Avtenta SAP in Dokumentni sistemi\"},{\"@type\":\"BreadcrumbList\",\"@id\":\"https:\/\/avtenta.si\/sl\/prenos-dokumenta\/#breadcrumb\",\"itemListElement\":[{\"@type\":\"ListItem\",\"position\":1,\"name\":\"Home\",\"item\":\"https:\/\/avtenta.si\/sl\/\"},{\"@type\":\"ListItem\",\"position\":2,\"name\":\"Reference\",\"item\":\"https:\/\/avtenta.si\/sl\/reference\/\"},{\"@type\":\"ListItem\",\"position\":3,\"name\":\"Primeri dobrih praks\",\"item\":\"https:\/\/avtenta.si\/sl\/reference\/primeri-dobrih-praks\/\"},{\"@type\":\"ListItem\",\"position\":4,\"name\":\"Primer dobre prakse Kovintrade\"}]},{\"@type\":\"WebSite\",\"@id\":\"https:\/\/avtenta.si\/sl\/#website\",\"url\":\"https:\/\/avtenta.si\/sl\/\",\"name\":\"Avtenta - SAP re\u0161itve in brezpapirno poslovanje\",\"description\":\"Vodilni strokovnjaki na podro\u010dju SAP re\u0161itev in brezpapirnega poslovanja.\",\"potentialAction\":[{\"@type\":\"SearchAction\",\"target\":{\"@type\":\"EntryPoint\",\"urlTemplate\":\"https:\/\/avtenta.si\/sl\/?s={search_term_string}\"},\"query-input\":{\"@type\":\"PropertyValueSpecification\",\"valueRequired\":true,\"valueName\":\"search_term_string\"}}],\"inLanguage\":\"sl-SI\"}]}<\/script>\n<!-- \/ Yoast SEO plugin. -->","yoast_head_json":{"title":"Prenos dokumenta Kovintrade - primer dobre prakse","description":"Preverite kako v praksi poteka prehod na SAP S\/4 HANA v oblak, vklju\u010dno s klju\u010dnimi odlo\u010ditvami, izzivi in pridobljenimi spoznanji.","robots":{"index":"index","follow":"follow","max-snippet":"max-snippet:-1","max-image-preview":"max-image-preview:large","max-video-preview":"max-video-preview:-1"},"canonical":"https:\/\/avtenta.si\/sl\/prenos-dokumenta\/","og_locale":"sl_SI","og_type":"article","og_title":"Prenos dokumenta Kovintrade - primer dobre prakse","og_description":"Preverite kako v praksi poteka prehod na SAP S\/4 HANA v oblak, vklju\u010dno s klju\u010dnimi odlo\u010ditvami, izzivi in pridobljenimi spoznanji.","og_url":"https:\/\/avtenta.si\/sl\/prenos-dokumenta\/","og_site_name":"Avtenta - SAP re\u0161itve in brezpapirno poslovanje","article_modified_time":"2026-02-10T08:31:22+00:00","og_image":[{"width":800,"height":800,"url":"https:\/\/avtenta.si\/sl\/wp-content\/uploads\/2025\/12\/logo-Avtenta.jpg","type":"image\/jpeg"}],"twitter_card":"summary_large_image","twitter_misc":{"Est. reading time":"1 minuta"},"schema":{"@context":"https:\/\/schema.org","@graph":[{"@type":"WebPage","@id":"https:\/\/avtenta.si\/sl\/prenos-dokumenta\/","url":"https:\/\/avtenta.si\/sl\/prenos-dokumenta\/","name":"Prenos dokumenta Kovintrade - primer dobre prakse","isPartOf":{"@id":"https:\/\/avtenta.si\/sl\/#website"},"primaryImageOfPage":{"@id":"https:\/\/avtenta.si\/sl\/prenos-dokumenta\/#primaryimage"},"image":{"@id":"https:\/\/avtenta.si\/sl\/prenos-dokumenta\/#primaryimage"},"thumbnailUrl":"https:\/\/avtenta.si\/sl\/wp-content\/uploads\/2025\/12\/logo-Avtenta.jpg","datePublished":"2026-02-10T04:55:00+00:00","dateModified":"2026-02-10T08:31:22+00:00","description":"Preverite kako v praksi poteka prehod na SAP S\/4 HANA v oblak, vklju\u010dno s klju\u010dnimi odlo\u010ditvami, izzivi in pridobljenimi spoznanji.","breadcrumb":{"@id":"https:\/\/avtenta.si\/sl\/prenos-dokumenta\/#breadcrumb"},"inLanguage":"sl-SI","potentialAction":[{"@type":"ReadAction","target":["https:\/\/avtenta.si\/sl\/prenos-dokumenta\/"]}]},{"@type":"ImageObject","inLanguage":"sl-SI","@id":"https:\/\/avtenta.si\/sl\/prenos-dokumenta\/#primaryimage","url":"https:\/\/avtenta.si\/sl\/wp-content\/uploads\/2025\/12\/logo-Avtenta.jpg","contentUrl":"https:\/\/avtenta.si\/sl\/wp-content\/uploads\/2025\/12\/logo-Avtenta.jpg","width":800,"height":800,"caption":"Avtenta SAP in Dokumentni sistemi"},{"@type":"BreadcrumbList","@id":"https:\/\/avtenta.si\/sl\/prenos-dokumenta\/#breadcrumb","itemListElement":[{"@type":"ListItem","position":1,"name":"Home","item":"https:\/\/avtenta.si\/sl\/"},{"@type":"ListItem","position":2,"name":"Reference","item":"https:\/\/avtenta.si\/sl\/reference\/"},{"@type":"ListItem","position":3,"name":"Primeri dobrih praks","item":"https:\/\/avtenta.si\/sl\/reference\/primeri-dobrih-praks\/"},{"@type":"ListItem","position":4,"name":"Primer dobre prakse Kovintrade"}]},{"@type":"WebSite","@id":"https:\/\/avtenta.si\/sl\/#website","url":"https:\/\/avtenta.si\/sl\/","name":"Avtenta - SAP re\u0161itve in brezpapirno poslovanje","description":"Vodilni strokovnjaki na podro\u010dju SAP re\u0161itev in brezpapirnega poslovanja.","potentialAction":[{"@type":"SearchAction","target":{"@type":"EntryPoint","urlTemplate":"https:\/\/avtenta.si\/sl\/?s={search_term_string}"},"query-input":{"@type":"PropertyValueSpecification","valueRequired":true,"valueName":"search_term_string"}}],"inLanguage":"sl-SI"}]}},"_links":{"self":[{"href":"https:\/\/avtenta.si\/sl\/wp-json\/wp\/v2\/pages\/36535","targetHints":{"allow":["GET"]}}],"collection":[{"href":"https:\/\/avtenta.si\/sl\/wp-json\/wp\/v2\/pages"}],"about":[{"href":"https:\/\/avtenta.si\/sl\/wp-json\/wp\/v2\/types\/page"}],"author":[{"embeddable":true,"href":"https:\/\/avtenta.si\/sl\/wp-json\/wp\/v2\/users\/1"}],"replies":[{"embeddable":true,"href":"https:\/\/avtenta.si\/sl\/wp-json\/wp\/v2\/comments?post=36535"}],"version-history":[{"count":32,"href":"https:\/\/avtenta.si\/sl\/wp-json\/wp\/v2\/pages\/36535\/revisions"}],"predecessor-version":[{"id":36590,"href":"https:\/\/avtenta.si\/sl\/wp-json\/wp\/v2\/pages\/36535\/revisions\/36590"}],"up":[{"embeddable":true,"href":"https:\/\/avtenta.si\/sl\/wp-json\/wp\/v2\/pages\/30142"}],"wp:featuredmedia":[{"embeddable":true,"href":"https:\/\/avtenta.si\/sl\/wp-json\/wp\/v2\/media\/35116"}],"wp:attachment":[{"href":"https:\/\/avtenta.si\/sl\/wp-json\/wp\/v2\/media?parent=36535"}],"curies":[{"name":"wp","href":"https:\/\/api.w.org\/{rel}","templated":true}]}}