{"id":36519,"date":"2026-02-10T03:57:07","date_gmt":"2026-02-10T03:57:07","guid":{"rendered":"https:\/\/avtenta.si\/sl\/?page_id=36519"},"modified":"2026-02-10T08:44:19","modified_gmt":"2026-02-10T08:44:19","slug":"prenos-dokumenta-kovintrade","status":"publish","type":"page","link":"https:\/\/avtenta.si\/sl\/primer-dobre-prakse-kovinstrade\/","title":{"rendered":"Primer dobre prakse Kovintrade"},"content":{"rendered":"\t\t<div data-elementor-type=\"wp-page\" data-elementor-id=\"36519\" class=\"elementor elementor-36519\" data-elementor-post-type=\"page\">\n\t\t\t\t<div class=\"wd-negative-gap elementor-element elementor-element-2907eb1 wd-section-stretch e-flex e-con-boxed e-con e-parent\" data-id=\"2907eb1\" data-element_type=\"container\" data-settings=\"{&quot;background_background&quot;:&quot;classic&quot;}\">\n\t\t\t\t\t<div class=\"e-con-inner\">\n\t\t<div class=\"elementor-element elementor-element-f958f57 e-con-full e-flex e-con e-child\" data-id=\"f958f57\" data-element_type=\"container\">\n\t\t\t\t<div class=\"elementor-element elementor-element-486da9b wd-width-100 elementor-widget elementor-widget-wd_title\" data-id=\"486da9b\" data-element_type=\"widget\" data-widget_type=\"wd_title.default\">\n\t\t\t\t<div class=\"elementor-widget-container\">\n\t\t\t\t\t\t\t<div class=\"title-wrapper wd-set-mb reset-last-child wd-title-color-default wd-title-style-default wd-title-size-default text-left\">\n\n\t\t\t\n\t\t\t<div class=\"liner-continer\">\n\t\t\t\t<h1 class=\"woodmart-title-container title wd-fontsize-l\"><b><\/b><\/h1> \n\t\t\t\t\t\t\t<\/div>\n\n\t\t\t\t\t<\/div>\n\t\t\t\t\t\t<\/div>\n\t\t\t\t<\/div>\n\t\t\t\t<div class=\"elementor-element elementor-element-1205894 elementor-hidden-tablet elementor-hidden-mobile elementor-widget elementor-widget-spacer\" data-id=\"1205894\" data-element_type=\"widget\" data-widget_type=\"spacer.default\">\n\t\t\t\t\t\t\t<div class=\"elementor-spacer\">\n\t\t\t<div class=\"elementor-spacer-inner\"><\/div>\n\t\t<\/div>\n\t\t\t\t\t\t<\/div>\n\t\t\t\t<\/div>\n\t\t\t\t\t<\/div>\n\t\t\t\t<\/div>\n\t\t<div class=\"wd-negative-gap elementor-element elementor-element-d3fd72f wd-section-stretch e-flex e-con-boxed e-con e-parent\" data-id=\"d3fd72f\" data-element_type=\"container\" data-settings=\"{&quot;background_background&quot;:&quot;classic&quot;}\">\n\t\t\t\t\t<div class=\"e-con-inner\">\n\t\t\t\t<div class=\"elementor-element elementor-element-eedc536 elementor-widget__width-inherit wd-el-breadcrumbs text-left elementor-widget elementor-widget-wd_element_breadcrumbs\" data-id=\"eedc536\" data-element_type=\"widget\" data-widget_type=\"wd_element_breadcrumbs.default\">\n\t\t\t\t<div class=\"elementor-widget-container\">\n\t\t\t\t\t<nav class=\"wd-breadcrumbs\"><a href=\"https:\/\/avtenta.si\/sl\/\">Domov<\/a><span class=\"wd-delimiter\"><\/span><span class=\"wd-last\">Stran<\/span><\/nav>\t\t\t\t<\/div>\n\t\t\t\t<\/div>\n\t\t\t\t\t<\/div>\n\t\t\t\t<\/div>\n\t\t<div class=\"wd-negative-gap elementor-element elementor-element-b6859a6 wd-section-stretch e-grid e-con-boxed e-con e-parent\" data-id=\"b6859a6\" data-element_type=\"container\" data-settings=\"{&quot;background_background&quot;:&quot;classic&quot;}\">\n\t\t\t\t\t<div class=\"e-con-inner\">\n\t\t\t\t<div class=\"elementor-element elementor-element-8dd7d1d elementor-widget-tablet__width-inherit wd-width-100 elementor-widget elementor-widget-wd_title\" data-id=\"8dd7d1d\" data-element_type=\"widget\" data-widget_type=\"wd_title.default\">\n\t\t\t\t<div class=\"elementor-widget-container\">\n\t\t\t\t\t\t\t<div class=\"title-wrapper wd-set-mb reset-last-child wd-title-color-primary wd-title-style-default wd-title-size-extra-large text-center\">\n\n\t\t\t\n\t\t\t<div class=\"liner-continer\">\n\t\t\t\t<h2 class=\"woodmart-title-container title wd-fontsize-xxxl\"><span style=\"color: #eb1e4e\"><b>Kako je Kovintrade stopil korak pred konkurenco \u2013 in zakaj bi morali tudi vi<\/b><\/span> <\/h2> \n\t\t\t\t\t\t\t<\/div>\n\n\t\t\t\t\t<\/div>\n\t\t\t\t\t\t<\/div>\n\t\t\t\t<\/div>\n\t\t\t\t\t<\/div>\n\t\t\t\t<\/div>\n\t\t<div class=\"wd-negative-gap elementor-element elementor-element-c1acfd4 wd-section-stretch e-flex e-con-boxed e-con e-parent\" data-id=\"c1acfd4\" data-element_type=\"container\" id=\"kontakt\" data-settings=\"{&quot;background_background&quot;:&quot;classic&quot;}\">\n\t\t\t\t\t<div class=\"e-con-inner\">\n\t\t<div class=\"elementor-element elementor-element-b88f8bc e-con-full e-flex e-con e-child\" data-id=\"b88f8bc\" data-element_type=\"container\">\n\t\t\t\t<div class=\"elementor-element elementor-element-14b5693 elementor-widget elementor-widget-image\" data-id=\"14b5693\" data-element_type=\"widget\" data-widget_type=\"image.default\">\n\t\t\t\t\t\t\t\t\t\t\t\t\t\t\t<img loading=\"lazy\" decoding=\"async\" width=\"600\" height=\"282\" src=\"https:\/\/avtenta.si\/sl\/wp-content\/uploads\/2026\/02\/dokument-Kovintrade-Avtenta.png\" class=\"attachment-large size-large wp-image-36520\" alt=\"\" srcset=\"https:\/\/avtenta.si\/sl\/wp-content\/uploads\/2026\/02\/dokument-Kovintrade-Avtenta.png 600w, https:\/\/avtenta.si\/sl\/wp-content\/uploads\/2026\/02\/dokument-Kovintrade-Avtenta-400x188.png 400w\" sizes=\"auto, (max-width: 600px) 100vw, 600px\" \/>\t\t\t\t\t\t\t\t\t\t\t\t\t\t\t<\/div>\n\t\t\t\t<div class=\"elementor-element elementor-element-56512ac elementor-widget__width-initial elementor-widget-tablet__width-inherit wd-width-100 elementor-widget elementor-widget-wd_title\" data-id=\"56512ac\" data-element_type=\"widget\" data-widget_type=\"wd_title.default\">\n\t\t\t\t<div class=\"elementor-widget-container\">\n\t\t\t\t\t\t\t<div class=\"title-wrapper wd-set-mb reset-last-child wd-title-color-primary wd-title-style-default wd-title-size-extra-large text-left\">\n\n\t\t\t\n\t\t\t<div class=\"liner-continer\">\n\t\t\t\t<h2 class=\"woodmart-title-container title wd-fontsize-xxxl\">Prenesite e-vodi\u010d<br>(primer dobre prakse):<br> <span style=\"color: #eb1e4e\"><b>Prvi prehod iz SAP ECC v SAP S\/4HANA v oblak v Sloveniji \u2013 Kovintrade<\/b><\/span><\/h2> \n\t\t\t\t\t\t\t<\/div>\n\n\t\t\t\t\t<\/div>\n\t\t\t\t\t\t<\/div>\n\t\t\t\t<\/div>\n\t\t\t\t<\/div>\n\t\t<div class=\"elementor-element elementor-element-2aef2c8 e-con-full e-flex e-con e-child\" data-id=\"2aef2c8\" data-element_type=\"container\">\n\t\t\t\t<div class=\"elementor-element elementor-element-503bbad elementor-widget__width-initial elementor-widget-tablet__width-inherit wd-width-100 elementor-widget elementor-widget-wd_title\" data-id=\"503bbad\" data-element_type=\"widget\" data-widget_type=\"wd_title.default\">\n\t\t\t\t<div class=\"elementor-widget-container\">\n\t\t\t\t\t\t\t<div class=\"title-wrapper wd-set-mb reset-last-child wd-title-color-primary wd-title-style-default wd-title-size-extra-large text-left\">\n\n\t\t\t\n\t\t\t<div class=\"liner-continer\">\n\t\t\t\t<h2 class=\"woodmart-title-container title wd-fontsize-xxxl\">Za prenos dokumenta<br \/>\n<span style=\"color: #eb1e4e\"><b>izpolnite obrazec <\/b><\/span><\/h2> \n\t\t\t\t\t\t\t<\/div>\n\n\t\t\t\t\t<\/div>\n\t\t\t\t\t\t<\/div>\n\t\t\t\t<\/div>\n\t\t\t\t<div class=\"elementor-element elementor-element-7999019 elementor-button-align-start elementor-widget elementor-widget-form\" data-id=\"7999019\" data-element_type=\"widget\" data-settings=\"{&quot;step_next_label&quot;:&quot;Next&quot;,&quot;step_previous_label&quot;:&quot;Previous&quot;,&quot;button_width&quot;:&quot;100&quot;,&quot;step_type&quot;:&quot;number_text&quot;,&quot;step_icon_shape&quot;:&quot;circle&quot;}\" data-widget_type=\"form.default\">\n\t\t\t\t\t\t\t<form class=\"elementor-form\" method=\"post\" name=\"Kontaktni obrazec\" aria-label=\"Kontaktni obrazec\">\n\t\t\t<input type=\"hidden\" name=\"post_id\" value=\"36519\"\/>\n\t\t\t<input type=\"hidden\" name=\"form_id\" value=\"7999019\"\/>\n\t\t\t<input type=\"hidden\" name=\"referer_title\" value=\"Prenos dokumenta Kovintrade - primer dobre prakse\" \/>\n\n\t\t\t\t\t\t\t<input type=\"hidden\" name=\"queried_id\" value=\"36519\"\/>\n\t\t\t\n\t\t\t<div class=\"elementor-form-fields-wrapper elementor-labels-above\">\n\t\t\t\t\t\t\t\t<div class=\"elementor-field-type-text elementor-field-group elementor-column elementor-field-group-name elementor-col-100 elementor-field-required\">\n\t\t\t\t\t\t\t\t\t\t\t\t\t<input size=\"1\" type=\"text\" name=\"form_fields[name]\" id=\"form-field-name\" class=\"elementor-field elementor-size-md  elementor-field-textual\" placeholder=\"Ime in priimek\" required=\"required\">\n\t\t\t\t\t\t\t\t\t\t\t<\/div>\n\t\t\t\t\t\t\t\t<div class=\"elementor-field-type-email elementor-field-group elementor-column elementor-field-group-email elementor-col-100 elementor-field-required\">\n\t\t\t\t\t\t\t\t\t\t\t\t\t<input size=\"1\" type=\"email\" name=\"form_fields[email]\" id=\"form-field-email\" class=\"elementor-field elementor-size-md  elementor-field-textual\" placeholder=\"E-mail naslov\" required=\"required\">\n\t\t\t\t\t\t\t\t\t\t\t<\/div>\n\t\t\t\t\t\t\t\t<div class=\"elementor-field-type-tel elementor-field-group elementor-column elementor-field-group-field_6501325 elementor-col-100 elementor-field-required\">\n\t\t\t\t\t\t\t<input size=\"1\" type=\"tel\" name=\"form_fields[field_6501325]\" id=\"form-field-field_6501325\" class=\"elementor-field elementor-size-md  elementor-field-textual\" placeholder=\"Telefonska \u0161tevilka\" required=\"required\" pattern=\"[0-9()#&amp;+*-=.]+\" title=\"Only numbers and phone characters (#, -, *, etc) are accepted.\">\n\n\t\t\t\t\t\t<\/div>\n\t\t\t\t\t\t\t\t<div class=\"elementor-field-type-radio elementor-field-group elementor-column elementor-field-group-field_174d09e elementor-col-100 elementor-field-required\">\n\t\t\t\t\t<div class=\"elementor-field-subgroup  \"><span class=\"elementor-field-option\"><input type=\"radio\" value=\"Strinjam se s &lt;a style=&quot;color: #eb1e4e&quot; href=&quot;https:\/\/avtenta.si\/sl\/varovanje-osebnih-podatkov\/&quot;&gt;&lt;b&gt;splo\u0161nimi pogoji in politiko zasebnosti.&lt;\/b&gt;&lt;\/a&gt;\" id=\"form-field-field_174d09e-0\" name=\"form_fields[field_174d09e]\" required=\"required\"> <label for=\"form-field-field_174d09e-0\">Strinjam se s <a style=\"color: #eb1e4e\" href=\"https:\/\/avtenta.si\/sl\/varovanje-osebnih-podatkov\/\"><b>splo\u0161nimi pogoji in politiko zasebnosti.<\/b><\/a><\/label><\/span><\/div>\t\t\t\t<\/div>\n\t\t\t\t\t\t\t\t<div class=\"elementor-field-type-radio elementor-field-group elementor-column elementor-field-group-field_e13ff2e elementor-col-100\">\n\t\t\t\t\t<div class=\"elementor-field-subgroup  \"><span class=\"elementor-field-option\"><input type=\"radio\" value=\"Strinjam se, da mi Avtenta d.o.o. po\u0161ilja elektronska sporo\u010dila z novicami, posodobitvami in promocijskimi ponudbami.\" id=\"form-field-field_e13ff2e-0\" name=\"form_fields[field_e13ff2e]\"> <label for=\"form-field-field_e13ff2e-0\">Strinjam se, da mi Avtenta d.o.o. po\u0161ilja elektronska sporo\u010dila z novicami, posodobitvami in promocijskimi ponudbami.<\/label><\/span><\/div>\t\t\t\t<\/div>\n\t\t\t\t\t\t\t\t<div class=\"elementor-field-type-recaptcha elementor-field-group elementor-column elementor-field-group-field_65015dd elementor-col-100\">\n\t\t\t\t\t<div class=\"elementor-field\" id=\"form-field-field_65015dd\"><div class=\"elementor-g-recaptcha\" data-sitekey=\"6LecKUEsAAAAAM3EScvMIyNMTfcqPGaZyGkrf_4r\" data-type=\"v2_checkbox\" data-theme=\"light\" data-size=\"normal\"><\/div><\/div>\t\t\t\t<\/div>\n\t\t\t\t\t\t\t\t<div class=\"elementor-field-group elementor-column elementor-field-type-submit elementor-col-100 e-form__buttons\">\n\t\t\t\t\t<button class=\"elementor-button elementor-size-md\" type=\"submit\">\n\t\t\t\t\t\t<span class=\"elementor-button-content-wrapper\">\n\t\t\t\t\t\t\t\t\t\t\t\t\t\t\t\t\t\t\t\t\t\t<span class=\"elementor-button-text\">PRENOS DOKUMENTA<\/span>\n\t\t\t\t\t\t\t\t\t\t\t\t\t<\/span>\n\t\t\t\t\t<\/button>\n\t\t\t\t<\/div>\n\t\t\t<\/div>\n\t\t<\/form>\n\t\t\t\t\t\t<\/div>\n\t\t\t\t<\/div>\n\t\t\t\t\t<\/div>\n\t\t\t\t<\/div>\n\t\t<div class=\"wd-negative-gap elementor-element elementor-element-bc7bcc2 wd-section-stretch e-grid e-con-boxed e-con e-parent\" data-id=\"bc7bcc2\" data-element_type=\"container\" data-settings=\"{&quot;background_background&quot;:&quot;classic&quot;}\">\n\t\t\t\t\t<div class=\"e-con-inner\">\n\t\t\t\t<div class=\"elementor-element elementor-element-4f8e181 elementor-widget-tablet__width-inherit wd-width-100 elementor-widget elementor-widget-wd_title\" data-id=\"4f8e181\" data-element_type=\"widget\" data-widget_type=\"wd_title.default\">\n\t\t\t\t<div class=\"elementor-widget-container\">\n\t\t\t\t\t\t\t<div class=\"title-wrapper wd-set-mb reset-last-child wd-title-color-primary wd-title-style-default wd-title-size-extra-large text-left\">\n\n\t\t\t\n\t\t\t<div class=\"liner-continer\">\n\t\t\t\t<h2 class=\"woodmart-title-container title wd-fontsize-xxxl\">Kovintrade d.d. Celje je podjetje z regijsko prisotnostjo in digitalnim kompasom, usmerjenim v prihodnost. Ko so se odlo\u010dali med \u00bbpo\u010dakajmo \u0161e malo\u00ab in \u00bbgremo prvi\u00ab, so izbrali slednje \u2013 in kot prvi v Sloveniji uspe\u0161no pre\u0161li na SAP Cloud ERP Private (SAP S\/4HANA v oblaku \/ RISE).<br \/>\n<br \/>\n\u010ce se v va\u0161em podjetju odlo\u010date, kako izvesti prehod na SAP S\/4HANA, vam bo ta e-vodi\u010d dal jasen, prakti\u010den vpogled v pot, odlo\u010ditve in klju\u010dne nauke projekta.<br \/>\n<br \/>\n<span style=\"color: #eb1e4e\"><b>Kaj boste izvedeli:<\/b><\/span> <br \/>\n<br \/>\n<\/h2> \n\t\t\t\t\t\t\t<\/div>\n\n\t\t\t\t\t\t\t<div class=\"title-after_title reset-last-child wd-fontsize-s\">\n\t\t\t\t\t<ul><li><h4><strong>kako so se lotili projekta, ki je zajel ve\u010d dr\u017eav in razli\u010dne poslovne modele,<\/strong><\/h4><\/li><li><h4><strong>zakaj je bila odlo\u010ditev za oblak strate\u0161ko prava\u00a0(in finan\u010dno smiselna),<\/strong><\/h4><\/li><li><h4><strong>kaj se je izkazalo kot klju\u010dno za uspeh\u00a0prehoda,<\/strong><\/h4><\/li><li><h4><strong>kaj bi danes naredili druga\u010de\u00a0\u2013 in zakaj.<\/strong><\/h4><\/li><\/ul><p>\u00a0<\/p>\t\t\t\t<\/div>\n\t\t\t\t\t<\/div>\n\t\t\t\t\t\t<\/div>\n\t\t\t\t<\/div>\n\t\t\t\t<div class=\"elementor-element elementor-element-81147bc elementor-widget-tablet__width-inherit wd-width-100 elementor-widget elementor-widget-wd_title\" data-id=\"81147bc\" data-element_type=\"widget\" data-widget_type=\"wd_title.default\">\n\t\t\t\t<div class=\"elementor-widget-container\">\n\t\t\t\t\t\t\t<div class=\"title-wrapper wd-set-mb reset-last-child wd-title-color-primary wd-title-style-default wd-title-size-extra-large text-left\">\n\n\t\t\t\n\t\t\t<div class=\"liner-continer\">\n\t\t\t\t<h2 class=\"woodmart-title-container title wd-fontsize-xxxl\">\u010ce vas prehod na S\/4HANA \u0161e \u010daka, je to branje, ki vam lahko prihrani <span style=\"color: #eb1e4e\"><b>\u010das, denar in kak\u0161en nepotrebnih izzivov.<\/b><\/span> <br \/>\n<br \/>\n<\/h2> \n\t\t\t\t\t\t\t<\/div>\n\n\t\t\t\t\t<\/div>\n\t\t\t\t\t\t<\/div>\n\t\t\t\t<\/div>\n\t\t\t\t\t<\/div>\n\t\t\t\t<\/div>\n\t\t\t\t<\/div>\n\t\t","protected":false},"excerpt":{"rendered":"<p>DomovStran Kako je Kovintrade stopil korak pred konkurenco \u2013 in zakaj bi morali tudi vi Prenesite e-vodi\u010d(primer dobre prakse): Prvi<\/p>\n","protected":false},"author":1,"featured_media":35116,"parent":30142,"menu_order":0,"comment_status":"closed","ping_status":"closed","template":"","meta":{"footnotes":""},"class_list":["post-36519","page","type-page","status-publish","has-post-thumbnail","hentry"],"yoast_head":"<!-- This site is optimized with the Yoast SEO plugin v27.0 - https:\/\/yoast.com\/product\/yoast-seo-wordpress\/ -->\n<title>Prenos dokumenta Kovintrade - primer dobre prakse<\/title>\n<meta name=\"description\" content=\"Preverite kako v praksi poteka prehod na SAP S\/4 HANA v oblak, vklju\u010dno s klju\u010dnimi odlo\u010ditvami, izzivi in pridobljenimi spoznanji.\" \/>\n<meta name=\"robots\" content=\"index, follow, max-snippet:-1, max-image-preview:large, max-video-preview:-1\" \/>\n<link rel=\"canonical\" href=\"https:\/\/avtenta.si\/sl\/primer-dobre-prakse-kovinstrade\/\" \/>\n<meta property=\"og:locale\" content=\"sl_SI\" \/>\n<meta property=\"og:type\" content=\"article\" \/>\n<meta property=\"og:title\" content=\"Prenos dokumenta Kovintrade - primer dobre prakse\" \/>\n<meta property=\"og:description\" content=\"Preverite kako v praksi poteka prehod na SAP S\/4 HANA v oblak, vklju\u010dno s klju\u010dnimi odlo\u010ditvami, izzivi in pridobljenimi spoznanji.\" \/>\n<meta property=\"og:url\" content=\"https:\/\/avtenta.si\/sl\/primer-dobre-prakse-kovinstrade\/\" \/>\n<meta property=\"og:site_name\" content=\"Avtenta - SAP re\u0161itve in brezpapirno poslovanje\" \/>\n<meta property=\"article:modified_time\" content=\"2026-02-10T08:44:19+00:00\" \/>\n<meta property=\"og:image\" content=\"https:\/\/avtenta.si\/sl\/wp-content\/uploads\/2025\/12\/logo-Avtenta.jpg\" \/>\n\t<meta property=\"og:image:width\" content=\"800\" \/>\n\t<meta property=\"og:image:height\" content=\"800\" \/>\n\t<meta property=\"og:image:type\" content=\"image\/jpeg\" \/>\n<meta name=\"twitter:card\" content=\"summary_large_image\" \/>\n<meta name=\"twitter:label1\" content=\"Est. reading time\" \/>\n\t<meta name=\"twitter:data1\" content=\"1 minuta\" \/>\n<script type=\"application\/ld+json\" class=\"yoast-schema-graph\">{\"@context\":\"https:\/\/schema.org\",\"@graph\":[{\"@type\":\"WebPage\",\"@id\":\"https:\/\/avtenta.si\/sl\/primer-dobre-prakse-kovinstrade\/\",\"url\":\"https:\/\/avtenta.si\/sl\/primer-dobre-prakse-kovinstrade\/\",\"name\":\"Prenos dokumenta Kovintrade - primer dobre prakse\",\"isPartOf\":{\"@id\":\"https:\/\/avtenta.si\/sl\/#website\"},\"primaryImageOfPage\":{\"@id\":\"https:\/\/avtenta.si\/sl\/primer-dobre-prakse-kovinstrade\/#primaryimage\"},\"image\":{\"@id\":\"https:\/\/avtenta.si\/sl\/primer-dobre-prakse-kovinstrade\/#primaryimage\"},\"thumbnailUrl\":\"https:\/\/avtenta.si\/sl\/wp-content\/uploads\/2025\/12\/logo-Avtenta.jpg\",\"datePublished\":\"2026-02-10T03:57:07+00:00\",\"dateModified\":\"2026-02-10T08:44:19+00:00\",\"description\":\"Preverite kako v praksi poteka prehod na SAP S\/4 HANA v oblak, vklju\u010dno s klju\u010dnimi odlo\u010ditvami, izzivi in pridobljenimi spoznanji.\",\"breadcrumb\":{\"@id\":\"https:\/\/avtenta.si\/sl\/primer-dobre-prakse-kovinstrade\/#breadcrumb\"},\"inLanguage\":\"sl-SI\",\"potentialAction\":[{\"@type\":\"ReadAction\",\"target\":[\"https:\/\/avtenta.si\/sl\/primer-dobre-prakse-kovinstrade\/\"]}]},{\"@type\":\"ImageObject\",\"inLanguage\":\"sl-SI\",\"@id\":\"https:\/\/avtenta.si\/sl\/primer-dobre-prakse-kovinstrade\/#primaryimage\",\"url\":\"https:\/\/avtenta.si\/sl\/wp-content\/uploads\/2025\/12\/logo-Avtenta.jpg\",\"contentUrl\":\"https:\/\/avtenta.si\/sl\/wp-content\/uploads\/2025\/12\/logo-Avtenta.jpg\",\"width\":800,\"height\":800,\"caption\":\"Avtenta SAP in Dokumentni sistemi\"},{\"@type\":\"BreadcrumbList\",\"@id\":\"https:\/\/avtenta.si\/sl\/primer-dobre-prakse-kovinstrade\/#breadcrumb\",\"itemListElement\":[{\"@type\":\"ListItem\",\"position\":1,\"name\":\"Home\",\"item\":\"https:\/\/avtenta.si\/sl\/\"},{\"@type\":\"ListItem\",\"position\":2,\"name\":\"Reference\",\"item\":\"https:\/\/avtenta.si\/sl\/reference\/\"},{\"@type\":\"ListItem\",\"position\":3,\"name\":\"Primeri dobrih praks\",\"item\":\"https:\/\/avtenta.si\/sl\/reference\/primeri-dobrih-praks\/\"},{\"@type\":\"ListItem\",\"position\":4,\"name\":\"Primer dobre prakse Kovintrade\"}]},{\"@type\":\"WebSite\",\"@id\":\"https:\/\/avtenta.si\/sl\/#website\",\"url\":\"https:\/\/avtenta.si\/sl\/\",\"name\":\"Avtenta - SAP re\u0161itve in brezpapirno poslovanje\",\"description\":\"Vodilni strokovnjaki na podro\u010dju SAP re\u0161itev in brezpapirnega poslovanja.\",\"potentialAction\":[{\"@type\":\"SearchAction\",\"target\":{\"@type\":\"EntryPoint\",\"urlTemplate\":\"https:\/\/avtenta.si\/sl\/?s={search_term_string}\"},\"query-input\":{\"@type\":\"PropertyValueSpecification\",\"valueRequired\":true,\"valueName\":\"search_term_string\"}}],\"inLanguage\":\"sl-SI\"}]}<\/script>\n<!-- \/ Yoast SEO plugin. -->","yoast_head_json":{"title":"Prenos dokumenta Kovintrade - primer dobre prakse","description":"Preverite kako v praksi poteka prehod na SAP S\/4 HANA v oblak, vklju\u010dno s klju\u010dnimi odlo\u010ditvami, izzivi in pridobljenimi spoznanji.","robots":{"index":"index","follow":"follow","max-snippet":"max-snippet:-1","max-image-preview":"max-image-preview:large","max-video-preview":"max-video-preview:-1"},"canonical":"https:\/\/avtenta.si\/sl\/primer-dobre-prakse-kovinstrade\/","og_locale":"sl_SI","og_type":"article","og_title":"Prenos dokumenta Kovintrade - primer dobre prakse","og_description":"Preverite kako v praksi poteka prehod na SAP S\/4 HANA v oblak, vklju\u010dno s klju\u010dnimi odlo\u010ditvami, izzivi in pridobljenimi spoznanji.","og_url":"https:\/\/avtenta.si\/sl\/primer-dobre-prakse-kovinstrade\/","og_site_name":"Avtenta - SAP re\u0161itve in brezpapirno poslovanje","article_modified_time":"2026-02-10T08:44:19+00:00","og_image":[{"width":800,"height":800,"url":"https:\/\/avtenta.si\/sl\/wp-content\/uploads\/2025\/12\/logo-Avtenta.jpg","type":"image\/jpeg"}],"twitter_card":"summary_large_image","twitter_misc":{"Est. reading time":"1 minuta"},"schema":{"@context":"https:\/\/schema.org","@graph":[{"@type":"WebPage","@id":"https:\/\/avtenta.si\/sl\/primer-dobre-prakse-kovinstrade\/","url":"https:\/\/avtenta.si\/sl\/primer-dobre-prakse-kovinstrade\/","name":"Prenos dokumenta Kovintrade - primer dobre prakse","isPartOf":{"@id":"https:\/\/avtenta.si\/sl\/#website"},"primaryImageOfPage":{"@id":"https:\/\/avtenta.si\/sl\/primer-dobre-prakse-kovinstrade\/#primaryimage"},"image":{"@id":"https:\/\/avtenta.si\/sl\/primer-dobre-prakse-kovinstrade\/#primaryimage"},"thumbnailUrl":"https:\/\/avtenta.si\/sl\/wp-content\/uploads\/2025\/12\/logo-Avtenta.jpg","datePublished":"2026-02-10T03:57:07+00:00","dateModified":"2026-02-10T08:44:19+00:00","description":"Preverite kako v praksi poteka prehod na SAP S\/4 HANA v oblak, vklju\u010dno s klju\u010dnimi odlo\u010ditvami, izzivi in pridobljenimi spoznanji.","breadcrumb":{"@id":"https:\/\/avtenta.si\/sl\/primer-dobre-prakse-kovinstrade\/#breadcrumb"},"inLanguage":"sl-SI","potentialAction":[{"@type":"ReadAction","target":["https:\/\/avtenta.si\/sl\/primer-dobre-prakse-kovinstrade\/"]}]},{"@type":"ImageObject","inLanguage":"sl-SI","@id":"https:\/\/avtenta.si\/sl\/primer-dobre-prakse-kovinstrade\/#primaryimage","url":"https:\/\/avtenta.si\/sl\/wp-content\/uploads\/2025\/12\/logo-Avtenta.jpg","contentUrl":"https:\/\/avtenta.si\/sl\/wp-content\/uploads\/2025\/12\/logo-Avtenta.jpg","width":800,"height":800,"caption":"Avtenta SAP in Dokumentni sistemi"},{"@type":"BreadcrumbList","@id":"https:\/\/avtenta.si\/sl\/primer-dobre-prakse-kovinstrade\/#breadcrumb","itemListElement":[{"@type":"ListItem","position":1,"name":"Home","item":"https:\/\/avtenta.si\/sl\/"},{"@type":"ListItem","position":2,"name":"Reference","item":"https:\/\/avtenta.si\/sl\/reference\/"},{"@type":"ListItem","position":3,"name":"Primeri dobrih praks","item":"https:\/\/avtenta.si\/sl\/reference\/primeri-dobrih-praks\/"},{"@type":"ListItem","position":4,"name":"Primer dobre prakse Kovintrade"}]},{"@type":"WebSite","@id":"https:\/\/avtenta.si\/sl\/#website","url":"https:\/\/avtenta.si\/sl\/","name":"Avtenta - SAP re\u0161itve in brezpapirno poslovanje","description":"Vodilni strokovnjaki na podro\u010dju SAP re\u0161itev in brezpapirnega poslovanja.","potentialAction":[{"@type":"SearchAction","target":{"@type":"EntryPoint","urlTemplate":"https:\/\/avtenta.si\/sl\/?s={search_term_string}"},"query-input":{"@type":"PropertyValueSpecification","valueRequired":true,"valueName":"search_term_string"}}],"inLanguage":"sl-SI"}]}},"_links":{"self":[{"href":"https:\/\/avtenta.si\/sl\/wp-json\/wp\/v2\/pages\/36519","targetHints":{"allow":["GET"]}}],"collection":[{"href":"https:\/\/avtenta.si\/sl\/wp-json\/wp\/v2\/pages"}],"about":[{"href":"https:\/\/avtenta.si\/sl\/wp-json\/wp\/v2\/types\/page"}],"author":[{"embeddable":true,"href":"https:\/\/avtenta.si\/sl\/wp-json\/wp\/v2\/users\/1"}],"replies":[{"embeddable":true,"href":"https:\/\/avtenta.si\/sl\/wp-json\/wp\/v2\/comments?post=36519"}],"version-history":[{"count":29,"href":"https:\/\/avtenta.si\/sl\/wp-json\/wp\/v2\/pages\/36519\/revisions"}],"predecessor-version":[{"id":36596,"href":"https:\/\/avtenta.si\/sl\/wp-json\/wp\/v2\/pages\/36519\/revisions\/36596"}],"up":[{"embeddable":true,"href":"https:\/\/avtenta.si\/sl\/wp-json\/wp\/v2\/pages\/30142"}],"wp:featuredmedia":[{"embeddable":true,"href":"https:\/\/avtenta.si\/sl\/wp-json\/wp\/v2\/media\/35116"}],"wp:attachment":[{"href":"https:\/\/avtenta.si\/sl\/wp-json\/wp\/v2\/media?parent=36519"}],"curies":[{"name":"wp","href":"https:\/\/api.w.org\/{rel}","templated":true}]}}