{"id":35922,"date":"2025-12-13T21:38:46","date_gmt":"2025-12-13T21:38:46","guid":{"rendered":"https:\/\/avtenta.si\/sl\/?page_id=35922"},"modified":"2025-12-18T09:58:14","modified_gmt":"2025-12-18T09:58:14","slug":"to-delovno-mesto-ni-vec-na-voljo","status":"publish","type":"page","link":"https:\/\/avtenta.si\/sl\/to-delovno-mesto-ni-vec-na-voljo\/","title":{"rendered":"Kariera &#8211; To delovno mesto ni ve\u010d na voljo!"},"content":{"rendered":"\t\t<div data-elementor-type=\"wp-page\" data-elementor-id=\"35922\" class=\"elementor elementor-35922\" data-elementor-post-type=\"page\">\n\t\t\t\t<div class=\"wd-negative-gap elementor-element elementor-element-db631a4 e-flex e-con-boxed e-con e-parent\" data-id=\"db631a4\" data-element_type=\"container\">\n\t\t\t\t\t<div class=\"e-con-inner\">\n\t\t\t\t<div class=\"elementor-element elementor-element-9567e06 wd-el-breadcrumbs text-left elementor-widget elementor-widget-wd_element_breadcrumbs\" data-id=\"9567e06\" data-element_type=\"widget\" data-widget_type=\"wd_element_breadcrumbs.default\">\n\t\t\t\t<div class=\"elementor-widget-container\">\n\t\t\t\t\t<nav class=\"wd-breadcrumbs\"><a href=\"https:\/\/avtenta.si\/sl\/\">Domov<\/a><span class=\"wd-delimiter\"><\/span><span class=\"wd-last\">Stran<\/span><\/nav>\t\t\t\t<\/div>\n\t\t\t\t<\/div>\n\t\t\t\t<div class=\"elementor-element elementor-element-51899a3 elementor-widget__width-initial elementor-widget-tablet__width-inherit wd-width-100 elementor-widget elementor-widget-wd_title\" data-id=\"51899a3\" data-element_type=\"widget\" data-widget_type=\"wd_title.default\">\n\t\t\t\t<div class=\"elementor-widget-container\">\n\t\t\t\t\t\t\t<div class=\"title-wrapper wd-set-mb reset-last-child wd-title-color-primary wd-title-style-default wd-title-size-extra-large text-left\">\n\n\t\t\t\n\t\t\t<div class=\"liner-continer\">\n\t\t\t\t<h2 class=\"woodmart-title-container title wd-fontsize-xxxl\">Delovno mesto, ki ga i\u0161\u010dete, <span style=\"color: #eb1e4e\"><b>ni ve\u010d na voljo!<\/b><\/span><\/h2> \n\t\t\t\t\t\t\t<\/div>\n\n\t\t\t\t\t<\/div>\n\t\t\t\t\t\t<\/div>\n\t\t\t\t<\/div>\n\t\t<div class=\"elementor-element elementor-element-716fad6 e-con-full e-flex e-con e-child\" data-id=\"716fad6\" data-element_type=\"container\">\n\t\t\t\t<div class=\"elementor-element elementor-element-8b39619 elementor-widget elementor-widget-wd_text_block\" data-id=\"8b39619\" data-element_type=\"widget\" data-widget_type=\"wd_text_block.default\">\n\t\t\t\t<div class=\"elementor-widget-container\">\n\t\t\t\t\t\t\t<div class=\"wd-text-block reset-last-child text-left\">\n\t\t\t\n\t\t\t<p>A brez skrbi. <strong>Imamo prostih \u0161e nekaj delovnih mest. Oglejte si jih spodaj:<\/strong><\/p>\n\t\t\t\t\t<\/div>\n\t\t\t\t\t\t<\/div>\n\t\t\t\t<\/div>\n\t\t\t\t<\/div>\n\t\t\t\t\t<\/div>\n\t\t\t\t<\/div>\n\t\t<div class=\"elementor-element elementor-element-19e4aac wd-section-stretch e-flex e-con-boxed e-con e-parent\" data-id=\"19e4aac\" data-element_type=\"container\" data-settings=\"{&quot;background_background&quot;:&quot;classic&quot;}\">\n\t\t\t\t\t<div class=\"e-con-inner\">\n\t\t<div class=\"elementor-element elementor-element-1792da6 e-con-full e-flex e-con e-child\" data-id=\"1792da6\" data-element_type=\"container\" data-settings=\"{&quot;background_background&quot;:&quot;classic&quot;}\">\n\t\t\t\t<div class=\"elementor-element elementor-element-2e09f04 elementor-widget__width-initial elementor-widget-tablet__width-inherit wd-width-100 elementor-widget elementor-widget-wd_title\" data-id=\"2e09f04\" data-element_type=\"widget\" data-widget_type=\"wd_title.default\">\n\t\t\t\t<div class=\"elementor-widget-container\">\n\t\t\t\t\t\t\t<div class=\"title-wrapper wd-set-mb reset-last-child wd-title-color-primary wd-title-style-default wd-title-size-extra-large text-left\">\n\n\t\t\t\n\t\t\t<div class=\"liner-continer\">\n\t\t\t\t<h2 class=\"woodmart-title-container title wd-fontsize-xxxl\">Pridru\u017eite se <span style=\"color: #eb1e4e\"><b>vodilni SAP svetovalni ekipi v Sloveniji<\/b><\/span> in sodelujte pri <span style=\"color: #eb1e4e\"><b>najpomembnej\u0161ih<br \/>\nIT-projektih v \u0161ir\u0161i regiji.<\/b><\/span><\/h2> \n\t\t\t\t\t\t\t<\/div>\n\n\t\t\t\t\t<\/div>\n\t\t\t\t\t\t<\/div>\n\t\t\t\t<\/div>\n\t\t\t\t<div class=\"elementor-element elementor-element-b07d59e elementor-widget elementor-widget-wd_button\" data-id=\"b07d59e\" data-element_type=\"widget\" data-widget_type=\"wd_button.default\">\n\t\t\t\t<div class=\"elementor-widget-container\">\n\t\t\t\t\t\t\t<div class=\"wd-button-wrapper text-left\" >\n\t\t\t<a class=\"btn btn-style-default btn-shape-rectangle btn-size-extra-large btn-icon-pos-right\"  href=\"https:\/\/avtenta.si\/sl\/\">\n\t\t\t\t<span class=\"wd-btn-text\" data-elementor-setting-key=\"text\">\n\t\t\t\t\tNAZAJ NA PRVO STRAN\t\t\t\t<\/span>\n\n\t\t\t\t\t\t\t<\/a>\n\t\t<\/div>\n\t\t\t\t\t\t<\/div>\n\t\t\t\t<\/div>\n\t\t\t\t<\/div>\n\t\t<div class=\"elementor-element elementor-element-fa31258 e-con-full e-flex e-con e-child\" data-id=\"fa31258\" data-element_type=\"container\">\n\t\t\t\t<div class=\"elementor-element elementor-element-8c8eb6b elementor-widget__width-inherit elementor-widget-tablet__width-inherit wd-width-100 elementor-widget elementor-widget-wd_title\" data-id=\"8c8eb6b\" data-element_type=\"widget\" data-widget_type=\"wd_title.default\">\n\t\t\t\t<div class=\"elementor-widget-container\">\n\t\t\t\t\t\t\t<div class=\"title-wrapper wd-set-mb reset-last-child wd-title-color-primary wd-title-style-default wd-title-size-extra-large text-left\">\n\n\t\t\t\n\t\t\t<div class=\"liner-continer\">\n\t\t\t\t<h2 class=\"woodmart-title-container title wd-fontsize-xxxl\">Prosta <span style=\"color: #eb1e4e\"><b>delovna mesta<\/b><\/span><\/h2> \n\t\t\t\t\t\t\t<\/div>\n\n\t\t\t\t\t<\/div>\n\t\t\t\t\t\t<\/div>\n\t\t\t\t<\/div>\n\t\t\t\t<div class=\"elementor-element elementor-element-7afeb61 wd-width-100 elementor-widget elementor-widget-wd_blog\" data-id=\"7afeb61\" data-element_type=\"widget\" data-widget_type=\"wd_blog.default\">\n\t\t\t\t<div class=\"elementor-widget-container\">\n\t\t\t\t\t\t\t\t\t\t\t\t<div class=\"wd-blog-element \">\n\t\t\t\t\t\t\t\t\t\t\t\n\t\t\t\t\t<div class=\"wd-posts wd-blog-holder wd-grid-g\" id=\"69e88d5b72dc0\" data-paged=\"1\" data-atts=\"{&quot;post_type&quot;:&quot;post&quot;,&quot;items_per_page&quot;:5,&quot;include&quot;:null,&quot;taxonomies&quot;:[&quot;107&quot;],&quot;offset&quot;:&quot;&quot;,&quot;orderby&quot;:&quot;&quot;,&quot;order&quot;:&quot;DESC&quot;,&quot;meta_key&quot;:null,&quot;exclude&quot;:&quot;&quot;,&quot;element_title&quot;:&quot;&quot;,&quot;element_title_tag&quot;:&quot;h4&quot;,&quot;parts_media&quot;:true,&quot;parts_title&quot;:&quot;1&quot;,&quot;parts_meta&quot;:&quot;&quot;,&quot;parts_text&quot;:&quot;&quot;,&quot;parts_btn&quot;:&quot;1&quot;,&quot;parts_published_date&quot;:&quot;1&quot;,&quot;img_size&quot;:&quot;large&quot;,&quot;blog_design&quot;:&quot;list&quot;,&quot;blog_carousel_design&quot;:null,&quot;blog_masonry&quot;:null,&quot;blog_columns&quot;:null,&quot;blog_columns_tablet&quot;:{&quot;size&quot;:&quot;&quot;},&quot;blog_columns_mobile&quot;:{&quot;size&quot;:&quot;&quot;},&quot;blog_spacing&quot;:null,&quot;blog_spacing_tablet&quot;:&quot;&quot;,&quot;blog_spacing_mobile&quot;:&quot;&quot;,&quot;pagination&quot;:&quot;&quot;,&quot;speed&quot;:null,&quot;slides_per_view&quot;:null,&quot;slides_per_view_tablet&quot;:{&quot;unit&quot;:&quot;px&quot;,&quot;size&quot;:2,&quot;sizes&quot;:[]},&quot;slides_per_view_mobile&quot;:{&quot;unit&quot;:&quot;px&quot;,&quot;size&quot;:1,&quot;sizes&quot;:[]},&quot;wrap&quot;:null,&quot;autoplay&quot;:null,&quot;hide_pagination_control&quot;:null,&quot;hide_prev_next_buttons&quot;:null,&quot;scroll_per_page&quot;:null,&quot;lazy_loading&quot;:&quot;no&quot;,&quot;scroll_carousel_init&quot;:null,&quot;ajax_page&quot;:&quot;&quot;,&quot;custom_sizes&quot;:false,&quot;elementor&quot;:true}\" data-source=\"shortcode\">\n\t\t\t\n\t\t\t\t\t\t\t\t\t\t\t\t\t\t\n<article id=\"post-36760\" class=\"wd-post blog-design-list blog-post-loop blog-style-bg wd-add-shadow post-36760 post type-post status-publish format-standard hentry category-zaposlitev tag-faq tag-pogosta-vprasanja-in-odgovori\">\n\t<div class=\"wd-post-inner\">\n\t\t<div class=\"wd-post-thumb\">\n\t\t\t\t\t\t\t<div class=\"wd-post-img\">\n\t\t\t\t\t\t\t\t\t<\/div>\n\t\t\t\t\t\t\t\t\t\t\t\t\t<div class=\"wd-post-date wd-style-with-bg\">\n\t\t\t\t<span class=\"post-date-day\">\n\t\t\t\t\t13\t\t\t\t<\/span>\n\t\t\t\t<span class=\"post-date-month\">\n\t\t\t\t\tApr\t\t\t\t<\/span>\n\t\t\t<\/div>\n\t\t\t\t\t\t\t\t\t\t\t<a class=\"wd-post-link wd-fill\" tabindex=\"-1\" href=\"https:\/\/avtenta.si\/sl\/sap-sd-svetovalec\/\" rel=\"bookmark\" aria-label=\"Link on post SAP SD svetovalec (m\/\u017e)\"><\/a>\n\t\t\t\t\t<\/div>\n\n\t\t<div class=\"wd-post-content\">\n\t\t\t<div class=\"wd-post-content-inner wd-scroll\">\n\t\t\t\t\t\t\t\t\t\t\t\t\t<h3 class=\"wd-post-title wd-entities-title title post-title\">\n\t\t\t\t\t\t<a href=\"https:\/\/avtenta.si\/sl\/sap-sd-svetovalec\/\" rel=\"bookmark\">\n\t\t\t\t\t\t\tSAP SD svetovalec (m\/\u017e)\t\t\t\t\t\t<\/a>\n\t\t\t\t\t<\/h3>\n\t\t\t\t\t\t\t\t\t\t\t<\/div>\n\t\t\t\t\t\t\t\t\t\t\t\t<div class=\"wd-post-read-more wd-style-btn\">\n\t\t\t\t\t\t<a class=\" btn\" href=\"https:\/\/avtenta.si\/sl\/sap-sd-svetovalec\/\">Prika\u017ei ve\u010d<\/a>\t\t\t\t\t<\/div>\n\t\t\t\t\t\t\t\t\t<\/div>\n\t<\/div>\n<\/article>\n\t\t\t\t\t\t\t\t\t\t\t\t\t\t\n<article id=\"post-34913\" class=\"wd-post blog-design-list blog-post-loop blog-style-bg wd-add-shadow post-34913 post type-post status-publish format-standard hentry category-zaposlitev tag-faq tag-pogosta-vprasanja-in-odgovori\">\n\t<div class=\"wd-post-inner\">\n\t\t<div class=\"wd-post-thumb\">\n\t\t\t\t\t\t\t<div class=\"wd-post-img\">\n\t\t\t\t\t\t\t\t\t<\/div>\n\t\t\t\t\t\t\t\t\t\t\t\t\t<div class=\"wd-post-date wd-style-with-bg\">\n\t\t\t\t<span class=\"post-date-day\">\n\t\t\t\t\t10\t\t\t\t<\/span>\n\t\t\t\t<span class=\"post-date-month\">\n\t\t\t\t\tDec\t\t\t\t<\/span>\n\t\t\t<\/div>\n\t\t\t\t\t\t\t\t\t\t\t<a class=\"wd-post-link wd-fill\" tabindex=\"-1\" href=\"https:\/\/avtenta.si\/sl\/sap-billing-arhitekt-svetovalec\/\" rel=\"bookmark\" aria-label=\"Link on post SAP Billing arhitekt svetovalec (m\/\u017e)\"><\/a>\n\t\t\t\t\t<\/div>\n\n\t\t<div class=\"wd-post-content\">\n\t\t\t<div class=\"wd-post-content-inner wd-scroll\">\n\t\t\t\t\t\t\t\t\t\t\t\t\t<h3 class=\"wd-post-title wd-entities-title title post-title\">\n\t\t\t\t\t\t<a href=\"https:\/\/avtenta.si\/sl\/sap-billing-arhitekt-svetovalec\/\" rel=\"bookmark\">\n\t\t\t\t\t\t\tSAP Billing arhitekt svetovalec (m\/\u017e)\t\t\t\t\t\t<\/a>\n\t\t\t\t\t<\/h3>\n\t\t\t\t\t\t\t\t\t\t\t<\/div>\n\t\t\t\t\t\t\t\t\t\t\t\t<div class=\"wd-post-read-more wd-style-btn\">\n\t\t\t\t\t\t<a class=\" btn\" href=\"https:\/\/avtenta.si\/sl\/sap-billing-arhitekt-svetovalec\/\">Prika\u017ei ve\u010d<\/a>\t\t\t\t\t<\/div>\n\t\t\t\t\t\t\t\t\t<\/div>\n\t<\/div>\n<\/article>\n\t\t\t\t\t\t\t\t\t\t\t\t\t\t\n<article id=\"post-34890\" class=\"wd-post blog-design-list blog-post-loop blog-style-bg wd-add-shadow post-34890 post type-post status-publish format-standard hentry category-zaposlitev tag-faq tag-pogosta-vprasanja-in-odgovori\">\n\t<div class=\"wd-post-inner\">\n\t\t<div class=\"wd-post-thumb\">\n\t\t\t\t\t\t\t<div class=\"wd-post-img\">\n\t\t\t\t\t\t\t\t\t<\/div>\n\t\t\t\t\t\t\t\t\t\t\t\t\t<div class=\"wd-post-date wd-style-with-bg\">\n\t\t\t\t<span class=\"post-date-day\">\n\t\t\t\t\t10\t\t\t\t<\/span>\n\t\t\t\t<span class=\"post-date-month\">\n\t\t\t\t\tDec\t\t\t\t<\/span>\n\t\t\t<\/div>\n\t\t\t\t\t\t\t\t\t\t\t<a class=\"wd-post-link wd-fill\" tabindex=\"-1\" href=\"https:\/\/avtenta.si\/sl\/sap-success-factors-svetovalec\/\" rel=\"bookmark\" aria-label=\"Link on post SAP Success Factors svetovalec (m\/\u017e)\"><\/a>\n\t\t\t\t\t<\/div>\n\n\t\t<div class=\"wd-post-content\">\n\t\t\t<div class=\"wd-post-content-inner wd-scroll\">\n\t\t\t\t\t\t\t\t\t\t\t\t\t<h3 class=\"wd-post-title wd-entities-title title post-title\">\n\t\t\t\t\t\t<a href=\"https:\/\/avtenta.si\/sl\/sap-success-factors-svetovalec\/\" rel=\"bookmark\">\n\t\t\t\t\t\t\tSAP Success Factors svetovalec (m\/\u017e)\t\t\t\t\t\t<\/a>\n\t\t\t\t\t<\/h3>\n\t\t\t\t\t\t\t\t\t\t\t<\/div>\n\t\t\t\t\t\t\t\t\t\t\t\t<div class=\"wd-post-read-more wd-style-btn\">\n\t\t\t\t\t\t<a class=\" btn\" href=\"https:\/\/avtenta.si\/sl\/sap-success-factors-svetovalec\/\">Prika\u017ei ve\u010d<\/a>\t\t\t\t\t<\/div>\n\t\t\t\t\t\t\t\t\t<\/div>\n\t<\/div>\n<\/article>\n\t\t\t\t\t\t\t\t\t\t\t\t\t\t\n<article id=\"post-34510\" class=\"wd-post blog-design-list blog-post-loop blog-style-bg wd-add-shadow post-34510 post type-post status-publish format-standard hentry category-zaposlitev tag-faq tag-pogosta-vprasanja-in-odgovori\">\n\t<div class=\"wd-post-inner\">\n\t\t<div class=\"wd-post-thumb\">\n\t\t\t\t\t\t\t<div class=\"wd-post-img\">\n\t\t\t\t\t\t\t\t\t<\/div>\n\t\t\t\t\t\t\t\t\t\t\t\t\t<div class=\"wd-post-date wd-style-with-bg\">\n\t\t\t\t<span class=\"post-date-day\">\n\t\t\t\t\t07\t\t\t\t<\/span>\n\t\t\t\t<span class=\"post-date-month\">\n\t\t\t\t\tDec\t\t\t\t<\/span>\n\t\t\t<\/div>\n\t\t\t\t\t\t\t\t\t\t\t<a class=\"wd-post-link wd-fill\" tabindex=\"-1\" href=\"https:\/\/avtenta.si\/sl\/sap-billing-funkcionalni-svetovalec\/\" rel=\"bookmark\" aria-label=\"Link on post SAP Billing funkcionalni svetovalec (m\/\u017e)\"><\/a>\n\t\t\t\t\t<\/div>\n\n\t\t<div class=\"wd-post-content\">\n\t\t\t<div class=\"wd-post-content-inner wd-scroll\">\n\t\t\t\t\t\t\t\t\t\t\t\t\t<h3 class=\"wd-post-title wd-entities-title title post-title\">\n\t\t\t\t\t\t<a href=\"https:\/\/avtenta.si\/sl\/sap-billing-funkcionalni-svetovalec\/\" rel=\"bookmark\">\n\t\t\t\t\t\t\tSAP Billing funkcionalni svetovalec (m\/\u017e)\t\t\t\t\t\t<\/a>\n\t\t\t\t\t<\/h3>\n\t\t\t\t\t\t\t\t\t\t\t<\/div>\n\t\t\t\t\t\t\t\t\t\t\t\t<div class=\"wd-post-read-more wd-style-btn\">\n\t\t\t\t\t\t<a class=\" btn\" href=\"https:\/\/avtenta.si\/sl\/sap-billing-funkcionalni-svetovalec\/\">Prika\u017ei ve\u010d<\/a>\t\t\t\t\t<\/div>\n\t\t\t\t\t\t\t\t\t<\/div>\n\t<\/div>\n<\/article>\n\t\t\t\t\t\t\t\t\t\t\t\t\t\t\n<article id=\"post-34466\" class=\"wd-post blog-design-list blog-post-loop blog-style-bg wd-add-shadow post-34466 post type-post status-publish format-standard hentry category-zaposlitev tag-faq tag-pogosta-vprasanja-in-odgovori\">\n\t<div class=\"wd-post-inner\">\n\t\t<div class=\"wd-post-thumb\">\n\t\t\t\t\t\t\t<div class=\"wd-post-img\">\n\t\t\t\t\t\t\t\t\t<\/div>\n\t\t\t\t\t\t\t\t\t\t\t\t\t<div class=\"wd-post-date wd-style-with-bg\">\n\t\t\t\t<span class=\"post-date-day\">\n\t\t\t\t\t07\t\t\t\t<\/span>\n\t\t\t\t<span class=\"post-date-month\">\n\t\t\t\t\tDec\t\t\t\t<\/span>\n\t\t\t<\/div>\n\t\t\t\t\t\t\t\t\t\t\t<a class=\"wd-post-link wd-fill\" tabindex=\"-1\" href=\"https:\/\/avtenta.si\/sl\/sap-svetovalec-za-podrocje-bi-prediktivne-analitike-in-sac\/\" rel=\"bookmark\" aria-label=\"Link on post SAP svetovalec za podro\u010dje BI, prediktivne analitike in SAC\u00a0(m\/\u017e)\"><\/a>\n\t\t\t\t\t<\/div>\n\n\t\t<div class=\"wd-post-content\">\n\t\t\t<div class=\"wd-post-content-inner wd-scroll\">\n\t\t\t\t\t\t\t\t\t\t\t\t\t<h3 class=\"wd-post-title wd-entities-title title post-title\">\n\t\t\t\t\t\t<a href=\"https:\/\/avtenta.si\/sl\/sap-svetovalec-za-podrocje-bi-prediktivne-analitike-in-sac\/\" rel=\"bookmark\">\n\t\t\t\t\t\t\tSAP svetovalec za podro\u010dje BI, prediktivne analitike in SAC\u00a0(m\/\u017e)\t\t\t\t\t\t<\/a>\n\t\t\t\t\t<\/h3>\n\t\t\t\t\t\t\t\t\t\t\t<\/div>\n\t\t\t\t\t\t\t\t\t\t\t\t<div class=\"wd-post-read-more wd-style-btn\">\n\t\t\t\t\t\t<a class=\" btn\" href=\"https:\/\/avtenta.si\/sl\/sap-svetovalec-za-podrocje-bi-prediktivne-analitike-in-sac\/\">Prika\u017ei ve\u010d<\/a>\t\t\t\t\t<\/div>\n\t\t\t\t\t\t\t\t\t<\/div>\n\t<\/div>\n<\/article>\n\t\t\t\t\n\t\t\t\t\t\t\t\t<\/div>\n\t\t\t\n\t\t\t\t\t\t\t\t\t\t<\/div>\n\t\t\t\t\t\t\t\t\t\t<\/div>\n\t\t\t\t<\/div>\n\t\t\t\t<\/div>\n\t\t\t\t\t<\/div>\n\t\t\t\t<\/div>\n\t\t\t\t<\/div>\n\t\t","protected":false},"excerpt":{"rendered":"<p>DomovStran Delovno mesto, ki ga i\u0161\u010dete, ni ve\u010d na voljo! A brez skrbi. Imamo prostih \u0161e nekaj delovnih mest. Oglejte<\/p>\n","protected":false},"author":1,"featured_media":0,"parent":0,"menu_order":0,"comment_status":"closed","ping_status":"closed","template":"","meta":{"footnotes":""},"class_list":["post-35922","page","type-page","status-publish","hentry"],"yoast_head":"<!-- This site is optimized with the Yoast SEO plugin v27.0 - https:\/\/yoast.com\/product\/yoast-seo-wordpress\/ -->\n<title>Kariera - To delovno mesto ni ve\u010d na voljo! - Avtenta - SAP re\u0161itve in brezpapirno poslovanje<\/title>\n<meta name=\"robots\" content=\"index, follow, max-snippet:-1, max-image-preview:large, max-video-preview:-1\" \/>\n<link rel=\"canonical\" href=\"https:\/\/avtenta.si\/sl\/to-delovno-mesto-ni-vec-na-voljo\/\" \/>\n<meta property=\"og:locale\" content=\"sl_SI\" \/>\n<meta property=\"og:type\" content=\"article\" \/>\n<meta property=\"og:title\" content=\"Kariera - To delovno mesto ni ve\u010d na voljo! - Avtenta - SAP re\u0161itve in brezpapirno poslovanje\" \/>\n<meta property=\"og:description\" content=\"DomovStran Delovno mesto, ki ga i\u0161\u010dete, ni ve\u010d na voljo! A brez skrbi. Imamo prostih \u0161e nekaj delovnih mest. Oglejte\" \/>\n<meta property=\"og:url\" content=\"https:\/\/avtenta.si\/sl\/to-delovno-mesto-ni-vec-na-voljo\/\" \/>\n<meta property=\"og:site_name\" content=\"Avtenta - SAP re\u0161itve in brezpapirno poslovanje\" \/>\n<meta property=\"article:modified_time\" content=\"2025-12-18T09:58:14+00:00\" \/>\n<meta name=\"twitter:card\" content=\"summary_large_image\" \/>\n<meta name=\"twitter:label1\" content=\"Est. reading time\" \/>\n\t<meta name=\"twitter:data1\" content=\"1 minuta\" \/>\n<script type=\"application\/ld+json\" class=\"yoast-schema-graph\">{\"@context\":\"https:\/\/schema.org\",\"@graph\":[{\"@type\":\"WebPage\",\"@id\":\"https:\/\/avtenta.si\/sl\/to-delovno-mesto-ni-vec-na-voljo\/\",\"url\":\"https:\/\/avtenta.si\/sl\/to-delovno-mesto-ni-vec-na-voljo\/\",\"name\":\"Kariera - To delovno mesto ni ve\u010d na voljo! - Avtenta - SAP re\u0161itve in brezpapirno poslovanje\",\"isPartOf\":{\"@id\":\"https:\/\/avtenta.si\/sl\/#website\"},\"datePublished\":\"2025-12-13T21:38:46+00:00\",\"dateModified\":\"2025-12-18T09:58:14+00:00\",\"breadcrumb\":{\"@id\":\"https:\/\/avtenta.si\/sl\/to-delovno-mesto-ni-vec-na-voljo\/#breadcrumb\"},\"inLanguage\":\"sl-SI\",\"potentialAction\":[{\"@type\":\"ReadAction\",\"target\":[\"https:\/\/avtenta.si\/sl\/to-delovno-mesto-ni-vec-na-voljo\/\"]}]},{\"@type\":\"BreadcrumbList\",\"@id\":\"https:\/\/avtenta.si\/sl\/to-delovno-mesto-ni-vec-na-voljo\/#breadcrumb\",\"itemListElement\":[{\"@type\":\"ListItem\",\"position\":1,\"name\":\"Home\",\"item\":\"https:\/\/avtenta.si\/sl\/\"},{\"@type\":\"ListItem\",\"position\":2,\"name\":\"Kariera &#8211; To delovno mesto ni ve\u010d na voljo!\"}]},{\"@type\":\"WebSite\",\"@id\":\"https:\/\/avtenta.si\/sl\/#website\",\"url\":\"https:\/\/avtenta.si\/sl\/\",\"name\":\"Avtenta - SAP re\u0161itve in brezpapirno poslovanje\",\"description\":\"Vodilni strokovnjaki na podro\u010dju SAP re\u0161itev in brezpapirnega poslovanja.\",\"potentialAction\":[{\"@type\":\"SearchAction\",\"target\":{\"@type\":\"EntryPoint\",\"urlTemplate\":\"https:\/\/avtenta.si\/sl\/?s={search_term_string}\"},\"query-input\":{\"@type\":\"PropertyValueSpecification\",\"valueRequired\":true,\"valueName\":\"search_term_string\"}}],\"inLanguage\":\"sl-SI\"}]}<\/script>\n<!-- \/ Yoast SEO plugin. -->","yoast_head_json":{"title":"Kariera - To delovno mesto ni ve\u010d na voljo! - Avtenta - SAP re\u0161itve in brezpapirno poslovanje","robots":{"index":"index","follow":"follow","max-snippet":"max-snippet:-1","max-image-preview":"max-image-preview:large","max-video-preview":"max-video-preview:-1"},"canonical":"https:\/\/avtenta.si\/sl\/to-delovno-mesto-ni-vec-na-voljo\/","og_locale":"sl_SI","og_type":"article","og_title":"Kariera - To delovno mesto ni ve\u010d na voljo! - Avtenta - SAP re\u0161itve in brezpapirno poslovanje","og_description":"DomovStran Delovno mesto, ki ga i\u0161\u010dete, ni ve\u010d na voljo! A brez skrbi. Imamo prostih \u0161e nekaj delovnih mest. Oglejte","og_url":"https:\/\/avtenta.si\/sl\/to-delovno-mesto-ni-vec-na-voljo\/","og_site_name":"Avtenta - SAP re\u0161itve in brezpapirno poslovanje","article_modified_time":"2025-12-18T09:58:14+00:00","twitter_card":"summary_large_image","twitter_misc":{"Est. reading time":"1 minuta"},"schema":{"@context":"https:\/\/schema.org","@graph":[{"@type":"WebPage","@id":"https:\/\/avtenta.si\/sl\/to-delovno-mesto-ni-vec-na-voljo\/","url":"https:\/\/avtenta.si\/sl\/to-delovno-mesto-ni-vec-na-voljo\/","name":"Kariera - To delovno mesto ni ve\u010d na voljo! - Avtenta - SAP re\u0161itve in brezpapirno poslovanje","isPartOf":{"@id":"https:\/\/avtenta.si\/sl\/#website"},"datePublished":"2025-12-13T21:38:46+00:00","dateModified":"2025-12-18T09:58:14+00:00","breadcrumb":{"@id":"https:\/\/avtenta.si\/sl\/to-delovno-mesto-ni-vec-na-voljo\/#breadcrumb"},"inLanguage":"sl-SI","potentialAction":[{"@type":"ReadAction","target":["https:\/\/avtenta.si\/sl\/to-delovno-mesto-ni-vec-na-voljo\/"]}]},{"@type":"BreadcrumbList","@id":"https:\/\/avtenta.si\/sl\/to-delovno-mesto-ni-vec-na-voljo\/#breadcrumb","itemListElement":[{"@type":"ListItem","position":1,"name":"Home","item":"https:\/\/avtenta.si\/sl\/"},{"@type":"ListItem","position":2,"name":"Kariera &#8211; To delovno mesto ni ve\u010d na voljo!"}]},{"@type":"WebSite","@id":"https:\/\/avtenta.si\/sl\/#website","url":"https:\/\/avtenta.si\/sl\/","name":"Avtenta - SAP re\u0161itve in brezpapirno poslovanje","description":"Vodilni strokovnjaki na podro\u010dju SAP re\u0161itev in brezpapirnega poslovanja.","potentialAction":[{"@type":"SearchAction","target":{"@type":"EntryPoint","urlTemplate":"https:\/\/avtenta.si\/sl\/?s={search_term_string}"},"query-input":{"@type":"PropertyValueSpecification","valueRequired":true,"valueName":"search_term_string"}}],"inLanguage":"sl-SI"}]}},"_links":{"self":[{"href":"https:\/\/avtenta.si\/sl\/wp-json\/wp\/v2\/pages\/35922","targetHints":{"allow":["GET"]}}],"collection":[{"href":"https:\/\/avtenta.si\/sl\/wp-json\/wp\/v2\/pages"}],"about":[{"href":"https:\/\/avtenta.si\/sl\/wp-json\/wp\/v2\/types\/page"}],"author":[{"embeddable":true,"href":"https:\/\/avtenta.si\/sl\/wp-json\/wp\/v2\/users\/1"}],"replies":[{"embeddable":true,"href":"https:\/\/avtenta.si\/sl\/wp-json\/wp\/v2\/comments?post=35922"}],"version-history":[{"count":31,"href":"https:\/\/avtenta.si\/sl\/wp-json\/wp\/v2\/pages\/35922\/revisions"}],"predecessor-version":[{"id":36264,"href":"https:\/\/avtenta.si\/sl\/wp-json\/wp\/v2\/pages\/35922\/revisions\/36264"}],"wp:attachment":[{"href":"https:\/\/avtenta.si\/sl\/wp-json\/wp\/v2\/media?parent=35922"}],"curies":[{"name":"wp","href":"https:\/\/api.w.org\/{rel}","templated":true}]}}