{"id":35891,"date":"2025-12-13T21:13:32","date_gmt":"2025-12-13T21:13:32","guid":{"rendered":"https:\/\/avtenta.si\/sl\/?page_id=35891"},"modified":"2026-01-21T04:57:54","modified_gmt":"2026-01-21T04:57:54","slug":"kontaktni-obrazec-uspesno","status":"publish","type":"page","link":"https:\/\/avtenta.si\/sl\/kontaktni-obrazec-uspesno\/","title":{"rendered":"Kontaktni obrazec &#8211; Va\u0161e sporo\u010dilo je bilo uspe\u0161no poslano!"},"content":{"rendered":"\t\t<div data-elementor-type=\"wp-page\" data-elementor-id=\"35891\" class=\"elementor elementor-35891\" data-elementor-post-type=\"page\">\n\t\t\t\t<div class=\"wd-negative-gap elementor-element elementor-element-db631a4 e-flex e-con-boxed e-con e-parent\" data-id=\"db631a4\" data-element_type=\"container\">\n\t\t\t\t\t<div class=\"e-con-inner\">\n\t\t\t\t<div class=\"elementor-element elementor-element-9567e06 elementor-hidden-desktop elementor-hidden-tablet elementor-hidden-mobile wd-el-breadcrumbs text-left elementor-widget elementor-widget-wd_element_breadcrumbs\" data-id=\"9567e06\" data-element_type=\"widget\" data-widget_type=\"wd_element_breadcrumbs.default\">\n\t\t\t\t<div class=\"elementor-widget-container\">\n\t\t\t\t\t<nav class=\"wd-breadcrumbs\"><a href=\"https:\/\/avtenta.si\/sl\/\">Domov<\/a><span class=\"wd-delimiter\"><\/span><span class=\"wd-last\">Stran<\/span><\/nav>\t\t\t\t<\/div>\n\t\t\t\t<\/div>\n\t\t\t\t<div class=\"elementor-element elementor-element-51899a3 elementor-widget__width-initial elementor-widget-tablet__width-inherit wd-width-100 elementor-widget elementor-widget-wd_title\" data-id=\"51899a3\" data-element_type=\"widget\" data-widget_type=\"wd_title.default\">\n\t\t\t\t<div class=\"elementor-widget-container\">\n\t\t\t\t\t\t\t<div class=\"title-wrapper wd-set-mb reset-last-child wd-title-color-primary wd-title-style-default wd-title-size-extra-large text-left\">\n\n\t\t\t\n\t\t\t<div class=\"liner-continer\">\n\t\t\t\t<h2 class=\"woodmart-title-container title wd-fontsize-xxxl\"><span style=\"color: #eb1e4e\"><b>Hvala!<\/b><\/span> Va\u0161e sporo\u010dilo je bilo uspe\u0161no poslano.<\/h2> \n\t\t\t\t\t\t\t<\/div>\n\n\t\t\t\t\t<\/div>\n\t\t\t\t\t\t<\/div>\n\t\t\t\t<\/div>\n\t\t<div class=\"elementor-element elementor-element-716fad6 e-con-full e-flex e-con e-child\" data-id=\"716fad6\" data-element_type=\"container\">\n\t\t\t\t<div class=\"elementor-element elementor-element-8b39619 elementor-widget elementor-widget-wd_text_block\" data-id=\"8b39619\" data-element_type=\"widget\" data-widget_type=\"wd_text_block.default\">\n\t\t\t\t<div class=\"elementor-widget-container\">\n\t\t\t\t\t\t\t<div class=\"wd-text-block reset-last-child text-left\">\n\t\t\t\n\t\t\t<p>Zahvaljujemo se vam za zaupanje. Odgovorili vam bomo v najkraj\u0161em mo\u017enem \u010dasu.<\/p>\n\t\t\t\t\t<\/div>\n\t\t\t\t\t\t<\/div>\n\t\t\t\t<\/div>\n\t\t\t\t<div class=\"elementor-element elementor-element-76f27cb elementor-widget elementor-widget-wd_button\" data-id=\"76f27cb\" data-element_type=\"widget\" data-widget_type=\"wd_button.default\">\n\t\t\t\t<div class=\"elementor-widget-container\">\n\t\t\t\t\t\t\t<div class=\"wd-button-wrapper text-left\" >\n\t\t\t<a class=\"btn btn-style-default btn-shape-rectangle btn-size-extra-large btn-icon-pos-right\"  href=\"https:\/\/avtenta.si\/sl\/\">\n\t\t\t\t<span class=\"wd-btn-text\" data-elementor-setting-key=\"text\">\n\t\t\t\t\tNAZAJ NA PRVO STRAN\t\t\t\t<\/span>\n\n\t\t\t\t\t\t\t<\/a>\n\t\t<\/div>\n\t\t\t\t\t\t<\/div>\n\t\t\t\t<\/div>\n\t\t\t\t<\/div>\n\t\t\t\t\t<\/div>\n\t\t\t\t<\/div>\n\t\t\t\t<\/div>\n\t\t","protected":false},"excerpt":{"rendered":"<p>DomovStran Hvala! Va\u0161e sporo\u010dilo je bilo uspe\u0161no poslano. Zahvaljujemo se vam za zaupanje. Odgovorili vam bomo v najkraj\u0161em mo\u017enem \u010dasu.<\/p>\n","protected":false},"author":1,"featured_media":0,"parent":0,"menu_order":0,"comment_status":"closed","ping_status":"closed","template":"","meta":{"footnotes":""},"class_list":["post-35891","page","type-page","status-publish","hentry"],"yoast_head":"<!-- This site is optimized with the Yoast SEO plugin v27.0 - https:\/\/yoast.com\/product\/yoast-seo-wordpress\/ -->\n<title>Kontaktni obrazec - Va\u0161e sporo\u010dilo je bilo uspe\u0161no poslano! - Avtenta - SAP re\u0161itve in brezpapirno poslovanje<\/title>\n<meta name=\"robots\" content=\"index, follow, max-snippet:-1, max-image-preview:large, max-video-preview:-1\" \/>\n<link rel=\"canonical\" href=\"https:\/\/avtenta.si\/sl\/kontaktni-obrazec-uspesno\/\" \/>\n<meta property=\"og:locale\" content=\"sl_SI\" \/>\n<meta property=\"og:type\" content=\"article\" \/>\n<meta property=\"og:title\" content=\"Kontaktni obrazec - Va\u0161e sporo\u010dilo je bilo uspe\u0161no poslano! - Avtenta - SAP re\u0161itve in brezpapirno poslovanje\" \/>\n<meta property=\"og:description\" content=\"DomovStran Hvala! Va\u0161e sporo\u010dilo je bilo uspe\u0161no poslano. Zahvaljujemo se vam za zaupanje. Odgovorili vam bomo v najkraj\u0161em mo\u017enem \u010dasu.\" \/>\n<meta property=\"og:url\" content=\"https:\/\/avtenta.si\/sl\/kontaktni-obrazec-uspesno\/\" \/>\n<meta property=\"og:site_name\" content=\"Avtenta - SAP re\u0161itve in brezpapirno poslovanje\" \/>\n<meta property=\"article:modified_time\" content=\"2026-01-21T04:57:54+00:00\" \/>\n<meta name=\"twitter:card\" content=\"summary_large_image\" \/>\n<meta name=\"twitter:label1\" content=\"Est. reading time\" \/>\n\t<meta name=\"twitter:data1\" content=\"1 minuta\" \/>\n<script type=\"application\/ld+json\" class=\"yoast-schema-graph\">{\"@context\":\"https:\/\/schema.org\",\"@graph\":[{\"@type\":\"WebPage\",\"@id\":\"https:\/\/avtenta.si\/sl\/kontaktni-obrazec-uspesno\/\",\"url\":\"https:\/\/avtenta.si\/sl\/kontaktni-obrazec-uspesno\/\",\"name\":\"Kontaktni obrazec - Va\u0161e sporo\u010dilo je bilo uspe\u0161no poslano! - Avtenta - SAP re\u0161itve in brezpapirno poslovanje\",\"isPartOf\":{\"@id\":\"https:\/\/avtenta.si\/sl\/#website\"},\"datePublished\":\"2025-12-13T21:13:32+00:00\",\"dateModified\":\"2026-01-21T04:57:54+00:00\",\"breadcrumb\":{\"@id\":\"https:\/\/avtenta.si\/sl\/kontaktni-obrazec-uspesno\/#breadcrumb\"},\"inLanguage\":\"sl-SI\",\"potentialAction\":[{\"@type\":\"ReadAction\",\"target\":[\"https:\/\/avtenta.si\/sl\/kontaktni-obrazec-uspesno\/\"]}]},{\"@type\":\"BreadcrumbList\",\"@id\":\"https:\/\/avtenta.si\/sl\/kontaktni-obrazec-uspesno\/#breadcrumb\",\"itemListElement\":[{\"@type\":\"ListItem\",\"position\":1,\"name\":\"Home\",\"item\":\"https:\/\/avtenta.si\/sl\/\"},{\"@type\":\"ListItem\",\"position\":2,\"name\":\"Kontaktni obrazec &#8211; Va\u0161e sporo\u010dilo je bilo uspe\u0161no poslano!\"}]},{\"@type\":\"WebSite\",\"@id\":\"https:\/\/avtenta.si\/sl\/#website\",\"url\":\"https:\/\/avtenta.si\/sl\/\",\"name\":\"Avtenta - SAP re\u0161itve in brezpapirno poslovanje\",\"description\":\"Vodilni strokovnjaki na podro\u010dju SAP re\u0161itev in brezpapirnega poslovanja.\",\"potentialAction\":[{\"@type\":\"SearchAction\",\"target\":{\"@type\":\"EntryPoint\",\"urlTemplate\":\"https:\/\/avtenta.si\/sl\/?s={search_term_string}\"},\"query-input\":{\"@type\":\"PropertyValueSpecification\",\"valueRequired\":true,\"valueName\":\"search_term_string\"}}],\"inLanguage\":\"sl-SI\"}]}<\/script>\n<!-- \/ Yoast SEO plugin. -->","yoast_head_json":{"title":"Kontaktni obrazec - Va\u0161e sporo\u010dilo je bilo uspe\u0161no poslano! - Avtenta - SAP re\u0161itve in brezpapirno poslovanje","robots":{"index":"index","follow":"follow","max-snippet":"max-snippet:-1","max-image-preview":"max-image-preview:large","max-video-preview":"max-video-preview:-1"},"canonical":"https:\/\/avtenta.si\/sl\/kontaktni-obrazec-uspesno\/","og_locale":"sl_SI","og_type":"article","og_title":"Kontaktni obrazec - Va\u0161e sporo\u010dilo je bilo uspe\u0161no poslano! - Avtenta - SAP re\u0161itve in brezpapirno poslovanje","og_description":"DomovStran Hvala! Va\u0161e sporo\u010dilo je bilo uspe\u0161no poslano. Zahvaljujemo se vam za zaupanje. Odgovorili vam bomo v najkraj\u0161em mo\u017enem \u010dasu.","og_url":"https:\/\/avtenta.si\/sl\/kontaktni-obrazec-uspesno\/","og_site_name":"Avtenta - SAP re\u0161itve in brezpapirno poslovanje","article_modified_time":"2026-01-21T04:57:54+00:00","twitter_card":"summary_large_image","twitter_misc":{"Est. reading time":"1 minuta"},"schema":{"@context":"https:\/\/schema.org","@graph":[{"@type":"WebPage","@id":"https:\/\/avtenta.si\/sl\/kontaktni-obrazec-uspesno\/","url":"https:\/\/avtenta.si\/sl\/kontaktni-obrazec-uspesno\/","name":"Kontaktni obrazec - Va\u0161e sporo\u010dilo je bilo uspe\u0161no poslano! - Avtenta - SAP re\u0161itve in brezpapirno poslovanje","isPartOf":{"@id":"https:\/\/avtenta.si\/sl\/#website"},"datePublished":"2025-12-13T21:13:32+00:00","dateModified":"2026-01-21T04:57:54+00:00","breadcrumb":{"@id":"https:\/\/avtenta.si\/sl\/kontaktni-obrazec-uspesno\/#breadcrumb"},"inLanguage":"sl-SI","potentialAction":[{"@type":"ReadAction","target":["https:\/\/avtenta.si\/sl\/kontaktni-obrazec-uspesno\/"]}]},{"@type":"BreadcrumbList","@id":"https:\/\/avtenta.si\/sl\/kontaktni-obrazec-uspesno\/#breadcrumb","itemListElement":[{"@type":"ListItem","position":1,"name":"Home","item":"https:\/\/avtenta.si\/sl\/"},{"@type":"ListItem","position":2,"name":"Kontaktni obrazec &#8211; Va\u0161e sporo\u010dilo je bilo uspe\u0161no poslano!"}]},{"@type":"WebSite","@id":"https:\/\/avtenta.si\/sl\/#website","url":"https:\/\/avtenta.si\/sl\/","name":"Avtenta - SAP re\u0161itve in brezpapirno poslovanje","description":"Vodilni strokovnjaki na podro\u010dju SAP re\u0161itev in brezpapirnega poslovanja.","potentialAction":[{"@type":"SearchAction","target":{"@type":"EntryPoint","urlTemplate":"https:\/\/avtenta.si\/sl\/?s={search_term_string}"},"query-input":{"@type":"PropertyValueSpecification","valueRequired":true,"valueName":"search_term_string"}}],"inLanguage":"sl-SI"}]}},"_links":{"self":[{"href":"https:\/\/avtenta.si\/sl\/wp-json\/wp\/v2\/pages\/35891","targetHints":{"allow":["GET"]}}],"collection":[{"href":"https:\/\/avtenta.si\/sl\/wp-json\/wp\/v2\/pages"}],"about":[{"href":"https:\/\/avtenta.si\/sl\/wp-json\/wp\/v2\/types\/page"}],"author":[{"embeddable":true,"href":"https:\/\/avtenta.si\/sl\/wp-json\/wp\/v2\/users\/1"}],"replies":[{"embeddable":true,"href":"https:\/\/avtenta.si\/sl\/wp-json\/wp\/v2\/comments?post=35891"}],"version-history":[{"count":7,"href":"https:\/\/avtenta.si\/sl\/wp-json\/wp\/v2\/pages\/35891\/revisions"}],"predecessor-version":[{"id":36495,"href":"https:\/\/avtenta.si\/sl\/wp-json\/wp\/v2\/pages\/35891\/revisions\/36495"}],"wp:attachment":[{"href":"https:\/\/avtenta.si\/sl\/wp-json\/wp\/v2\/media?parent=35891"}],"curies":[{"name":"wp","href":"https:\/\/api.w.org\/{rel}","templated":true}]}}