{"id":30467,"date":"2025-09-11T18:56:11","date_gmt":"2025-09-11T18:56:11","guid":{"rendered":"https:\/\/avtenta.si\/sl\/?page_id=30467"},"modified":"2025-12-13T06:33:14","modified_gmt":"2025-12-13T06:33:14","slug":"pravno-obvestilo","status":"publish","type":"page","link":"https:\/\/avtenta.si\/sl\/pravno-obvestilo\/","title":{"rendered":"Pravno obvestilo"},"content":{"rendered":"\t\t<div data-elementor-type=\"wp-page\" data-elementor-id=\"30467\" class=\"elementor elementor-30467\" data-elementor-post-type=\"page\">\n\t\t\t\t<div class=\"wd-negative-gap elementor-element elementor-element-21c23c8b e-flex e-con-boxed e-con e-parent\" data-id=\"21c23c8b\" data-element_type=\"container\">\n\t\t\t\t\t<div class=\"e-con-inner\">\n\t\t\t\t<div class=\"elementor-element elementor-element-e243e25 wd-el-breadcrumbs text-left elementor-widget elementor-widget-wd_element_breadcrumbs\" data-id=\"e243e25\" data-element_type=\"widget\" data-widget_type=\"wd_element_breadcrumbs.default\">\n\t\t\t\t<div class=\"elementor-widget-container\">\n\t\t\t\t\t<nav class=\"wd-breadcrumbs\"><a href=\"https:\/\/avtenta.si\/sl\/\">Domov<\/a><span class=\"wd-delimiter\"><\/span><span class=\"wd-last\">Stran<\/span><\/nav>\t\t\t\t<\/div>\n\t\t\t\t<\/div>\n\t\t\t\t<div class=\"elementor-element elementor-element-6e5a114 elementor-widget__width-initial elementor-widget-tablet__width-inherit wd-width-100 elementor-widget elementor-widget-wd_title\" data-id=\"6e5a114\" data-element_type=\"widget\" data-widget_type=\"wd_title.default\">\n\t\t\t\t<div class=\"elementor-widget-container\">\n\t\t\t\t\t\t\t<div class=\"title-wrapper wd-set-mb reset-last-child wd-title-color-primary wd-title-style-default wd-title-size-large text-left\">\n\n\t\t\t\n\t\t\t<div class=\"liner-continer\">\n\t\t\t\t<h2 class=\"woodmart-title-container title wd-fontsize-xxl\"> <span style=\"color: #eb1e4e\"><b>Pravno<\/b><\/span> obvestilo<\/h2> \n\t\t\t\t\t\t\t<\/div>\n\n\t\t\t\t\t<\/div>\n\t\t\t\t\t\t<\/div>\n\t\t\t\t<\/div>\n\t\t\t\t<div class=\"elementor-element elementor-element-a7b4ec1 elementor-widget elementor-widget-wd_text_block\" data-id=\"a7b4ec1\" data-element_type=\"widget\" data-widget_type=\"wd_text_block.default\">\n\t\t\t\t<div class=\"elementor-widget-container\">\n\t\t\t\t\t\t\t<div class=\"wd-text-block reset-last-child text-left\">\n\t\t\t\n\t\t\t<p>Nahajate se na spletnem mestu\u00a0<strong><a style=\"color: #eb1e4e;\" href=\"http:\/\/www.avtenta.si\/\">www.avtenta.si<\/a>\u00a0<\/strong>podjetja\u00a0Avtenta d.o.o., Stegne 19, 1000 Ljubljana<\/p>\n\t\t\t\t\t<\/div>\n\t\t\t\t\t\t<\/div>\n\t\t\t\t<\/div>\n\t\t\t\t<div class=\"elementor-element elementor-element-d33561a elementor-widget__width-initial elementor-widget-tablet__width-inherit wd-width-100 elementor-widget elementor-widget-wd_title\" data-id=\"d33561a\" data-element_type=\"widget\" data-widget_type=\"wd_title.default\">\n\t\t\t\t<div class=\"elementor-widget-container\">\n\t\t\t\t\t\t\t<div class=\"title-wrapper wd-set-mb reset-last-child wd-title-color-primary wd-title-style-default wd-title-size-large text-left\">\n\n\t\t\t\n\t\t\t<div class=\"liner-continer\">\n\t\t\t\t<h2 class=\"woodmart-title-container title wd-fontsize-xxl\">Avtorske <span style=\"color: #eb1e4e\"><b>pravice<\/b><\/span><\/h2> \n\t\t\t\t\t\t\t<\/div>\n\n\t\t\t\t\t<\/div>\n\t\t\t\t\t\t<\/div>\n\t\t\t\t<\/div>\n\t\t\t\t<div class=\"elementor-element elementor-element-97e4420 elementor-widget elementor-widget-wd_text_block\" data-id=\"97e4420\" data-element_type=\"widget\" data-widget_type=\"wd_text_block.default\">\n\t\t\t\t<div class=\"elementor-widget-container\">\n\t\t\t\t\t\t\t<div class=\"wd-text-block reset-last-child text-left\">\n\t\t\t\n\t\t\t<p>Spletno mesto Avtenta je avtorsko za\u0161\u010diteno. Vse informacije in dokumenti na spletnem mestu so predmet avtorske za\u0161\u010dite in drugih oblik za\u0161\u010dite intelektualne lastnine avtorjev projekta, podjetja Avtenta d.o.o. Javno objavljanje, reprodukcija, prodajanje, spreminjanje ali preoblikovanje le-tega je brez pisnega soglasja Avtenta d.o.o. prepovedano. Kazniv je vsak poskus nepoobla\u0161\u010denega spreminjanja, po\u0161kodovanja ali povzro\u010ditev trajne ali za\u010dasne neuporabnosti podatkov na spletnem mestu Avtenta . Prav tako je kazniv vsak poskus nepoobla\u0161\u010denega dostopanja mimo spletnih strani do kakr\u0161nih koli drugih vsebin v okviru informacijskega sistema Avtenta.<\/p>\n\t\t\t\t\t<\/div>\n\t\t\t\t\t\t<\/div>\n\t\t\t\t<\/div>\n\t\t\t\t<div class=\"elementor-element elementor-element-6e43a13 elementor-widget__width-initial elementor-widget-tablet__width-inherit wd-width-100 elementor-widget elementor-widget-wd_title\" data-id=\"6e43a13\" data-element_type=\"widget\" data-widget_type=\"wd_title.default\">\n\t\t\t\t<div class=\"elementor-widget-container\">\n\t\t\t\t\t\t\t<div class=\"title-wrapper wd-set-mb reset-last-child wd-title-color-primary wd-title-style-default wd-title-size-large text-left\">\n\n\t\t\t\n\t\t\t<div class=\"liner-continer\">\n\t\t\t\t<h2 class=\"woodmart-title-container title wd-fontsize-xxl\">Omejitev <span style=\"color: #eb1e4e\"><b>odgovornosti<\/b><\/span><\/h2> \n\t\t\t\t\t\t\t<\/div>\n\n\t\t\t\t\t<\/div>\n\t\t\t\t\t\t<\/div>\n\t\t\t\t<\/div>\n\t\t\t\t<div class=\"elementor-element elementor-element-b3dded3 elementor-widget elementor-widget-wd_text_block\" data-id=\"b3dded3\" data-element_type=\"widget\" data-widget_type=\"wd_text_block.default\">\n\t\t\t\t<div class=\"elementor-widget-container\">\n\t\t\t\t\t\t\t<div class=\"wd-text-block reset-last-child text-left\">\n\t\t\t\n\t\t\t<p>Podatki na spletnem portalu so zgolj informativne narave, zato podjetje ne prevzema nobene odgovornosti za katerekoli napake v vsebini ter pravilnosti in to\u010dnosti objavljenih podatkov, do katerih je morebiti pri\u0161lo zaradi \u010dasovnih neusklajenosti, napak pri vnosu ali drugih nepredvidljivih vzrokov. Avtenta prav tako ne odgovarja za obliko in vsebino podatkov, pridobljenih prek hipertekstnih povezav, ki niso last Avtente. Vse podatke in informacije, objavljene na spletnem mestu je treba predhodno preveriti v dru\u017ebi Avtenta d.o.o.<\/p>\n\t\t\t\t\t<\/div>\n\t\t\t\t\t\t<\/div>\n\t\t\t\t<\/div>\n\t\t\t\t<div class=\"elementor-element elementor-element-4e75cd8 elementor-widget__width-initial elementor-widget-tablet__width-inherit wd-width-100 elementor-widget elementor-widget-wd_title\" data-id=\"4e75cd8\" data-element_type=\"widget\" data-widget_type=\"wd_title.default\">\n\t\t\t\t<div class=\"elementor-widget-container\">\n\t\t\t\t\t\t\t<div class=\"title-wrapper wd-set-mb reset-last-child wd-title-color-primary wd-title-style-default wd-title-size-large text-left\">\n\n\t\t\t\n\t\t\t<div class=\"liner-continer\">\n\t\t\t\t<h2 class=\"woodmart-title-container title wd-fontsize-xxl\"><span style=\"color: #eb1e4e\"><b>Spremembe<\/b><\/span> na spletni strani<\/h2> \n\t\t\t\t\t\t\t<\/div>\n\n\t\t\t\t\t<\/div>\n\t\t\t\t\t\t<\/div>\n\t\t\t\t<\/div>\n\t\t\t\t<div class=\"elementor-element elementor-element-8ebf1ca elementor-widget elementor-widget-wd_text_block\" data-id=\"8ebf1ca\" data-element_type=\"widget\" data-widget_type=\"wd_text_block.default\">\n\t\t\t\t<div class=\"elementor-widget-container\">\n\t\t\t\t\t\t\t<div class=\"wd-text-block reset-last-child text-left\">\n\t\t\t\n\t\t\t<p>Avtenta d.o.o. si pridr\u017euje pravico, da kadarkoli spremeni, dodaja ali odstrani vsebino teh spletnih strani, dodajanja ali odstranitve vsebin, objavljenih na spletnem mestu\u00a0<strong><a style=\"color: #eb1e4e;\" href=\"http:\/\/www.avtenta.si\/\">www.avtenta.si<\/a>\u00a0<\/strong>kadarkoli, na kakr\u0161enkoli na\u010din, delno ali v celoti, ne glede na razlog ter brez predhodnega opozorila. Vsi uporabniki vso objavljeno vsebino uporabljajo na lastno odgovornost.<\/p>\n\t\t\t\t\t<\/div>\n\t\t\t\t\t\t<\/div>\n\t\t\t\t<\/div>\n\t\t\t\t\t<\/div>\n\t\t\t\t<\/div>\n\t\t\t\t<\/div>\n\t\t","protected":false},"excerpt":{"rendered":"<p>DomovStran Pravno obvestilo Nahajate se na spletnem mestu\u00a0www.avtenta.si\u00a0podjetja\u00a0Avtenta d.o.o., Stegne 19, 1000 Ljubljana Avtorske pravice Spletno mesto Avtenta je avtorsko<\/p>\n","protected":false},"author":1,"featured_media":35116,"parent":0,"menu_order":0,"comment_status":"closed","ping_status":"closed","template":"","meta":{"footnotes":""},"class_list":["post-30467","page","type-page","status-publish","has-post-thumbnail","hentry"],"yoast_head":"<!-- This site is optimized with the Yoast SEO plugin v27.0 - https:\/\/yoast.com\/product\/yoast-seo-wordpress\/ -->\n<title>Pravno obvestilo | Avtenta d.o.o.<\/title>\n<meta name=\"description\" content=\"Pravno obvestilo podjetja Avtenta d.o.o.: avtorska pravica, omejitev odgovornosti in uporaba vsebin na spletnem mestu.\" \/>\n<meta name=\"robots\" content=\"index, follow, max-snippet:-1, max-image-preview:large, max-video-preview:-1\" \/>\n<link rel=\"canonical\" href=\"https:\/\/avtenta.si\/sl\/pravno-obvestilo\/\" \/>\n<meta property=\"og:locale\" content=\"sl_SI\" \/>\n<meta property=\"og:type\" content=\"article\" \/>\n<meta property=\"og:title\" content=\"Pravno obvestilo | Avtenta d.o.o.\" \/>\n<meta property=\"og:description\" content=\"Pravno obvestilo podjetja Avtenta d.o.o.: avtorska pravica, omejitev odgovornosti in uporaba vsebin na spletnem mestu.\" \/>\n<meta property=\"og:url\" content=\"https:\/\/avtenta.si\/sl\/pravno-obvestilo\/\" \/>\n<meta property=\"og:site_name\" content=\"Avtenta - SAP re\u0161itve in brezpapirno poslovanje\" \/>\n<meta property=\"article:modified_time\" content=\"2025-12-13T06:33:14+00:00\" \/>\n<meta property=\"og:image\" content=\"https:\/\/avtenta.si\/sl\/wp-content\/uploads\/2025\/12\/logo-Avtenta.jpg\" \/>\n\t<meta property=\"og:image:width\" content=\"800\" \/>\n\t<meta property=\"og:image:height\" content=\"800\" \/>\n\t<meta property=\"og:image:type\" content=\"image\/jpeg\" \/>\n<meta name=\"twitter:card\" content=\"summary_large_image\" \/>\n<meta name=\"twitter:label1\" content=\"Est. reading time\" \/>\n\t<meta name=\"twitter:data1\" content=\"2 minuti\" \/>\n<script type=\"application\/ld+json\" class=\"yoast-schema-graph\">{\"@context\":\"https:\/\/schema.org\",\"@graph\":[{\"@type\":\"WebPage\",\"@id\":\"https:\/\/avtenta.si\/sl\/pravno-obvestilo\/\",\"url\":\"https:\/\/avtenta.si\/sl\/pravno-obvestilo\/\",\"name\":\"Pravno obvestilo | Avtenta d.o.o.\",\"isPartOf\":{\"@id\":\"https:\/\/avtenta.si\/sl\/#website\"},\"primaryImageOfPage\":{\"@id\":\"https:\/\/avtenta.si\/sl\/pravno-obvestilo\/#primaryimage\"},\"image\":{\"@id\":\"https:\/\/avtenta.si\/sl\/pravno-obvestilo\/#primaryimage\"},\"thumbnailUrl\":\"https:\/\/avtenta.si\/sl\/wp-content\/uploads\/2025\/12\/logo-Avtenta.jpg\",\"datePublished\":\"2025-09-11T18:56:11+00:00\",\"dateModified\":\"2025-12-13T06:33:14+00:00\",\"description\":\"Pravno obvestilo podjetja Avtenta d.o.o.: avtorska pravica, omejitev odgovornosti in uporaba vsebin na spletnem mestu.\",\"breadcrumb\":{\"@id\":\"https:\/\/avtenta.si\/sl\/pravno-obvestilo\/#breadcrumb\"},\"inLanguage\":\"sl-SI\",\"potentialAction\":[{\"@type\":\"ReadAction\",\"target\":[\"https:\/\/avtenta.si\/sl\/pravno-obvestilo\/\"]}]},{\"@type\":\"ImageObject\",\"inLanguage\":\"sl-SI\",\"@id\":\"https:\/\/avtenta.si\/sl\/pravno-obvestilo\/#primaryimage\",\"url\":\"https:\/\/avtenta.si\/sl\/wp-content\/uploads\/2025\/12\/logo-Avtenta.jpg\",\"contentUrl\":\"https:\/\/avtenta.si\/sl\/wp-content\/uploads\/2025\/12\/logo-Avtenta.jpg\",\"width\":800,\"height\":800,\"caption\":\"Avtenta SAP in Dokumentni sistemi\"},{\"@type\":\"BreadcrumbList\",\"@id\":\"https:\/\/avtenta.si\/sl\/pravno-obvestilo\/#breadcrumb\",\"itemListElement\":[{\"@type\":\"ListItem\",\"position\":1,\"name\":\"Home\",\"item\":\"https:\/\/avtenta.si\/sl\/\"},{\"@type\":\"ListItem\",\"position\":2,\"name\":\"Pravno obvestilo\"}]},{\"@type\":\"WebSite\",\"@id\":\"https:\/\/avtenta.si\/sl\/#website\",\"url\":\"https:\/\/avtenta.si\/sl\/\",\"name\":\"Avtenta - SAP re\u0161itve in brezpapirno poslovanje\",\"description\":\"Vodilni strokovnjaki na podro\u010dju SAP re\u0161itev in brezpapirnega poslovanja.\",\"potentialAction\":[{\"@type\":\"SearchAction\",\"target\":{\"@type\":\"EntryPoint\",\"urlTemplate\":\"https:\/\/avtenta.si\/sl\/?s={search_term_string}\"},\"query-input\":{\"@type\":\"PropertyValueSpecification\",\"valueRequired\":true,\"valueName\":\"search_term_string\"}}],\"inLanguage\":\"sl-SI\"}]}<\/script>\n<!-- \/ Yoast SEO plugin. -->","yoast_head_json":{"title":"Pravno obvestilo | Avtenta d.o.o.","description":"Pravno obvestilo podjetja Avtenta d.o.o.: avtorska pravica, omejitev odgovornosti in uporaba vsebin na spletnem mestu.","robots":{"index":"index","follow":"follow","max-snippet":"max-snippet:-1","max-image-preview":"max-image-preview:large","max-video-preview":"max-video-preview:-1"},"canonical":"https:\/\/avtenta.si\/sl\/pravno-obvestilo\/","og_locale":"sl_SI","og_type":"article","og_title":"Pravno obvestilo | Avtenta d.o.o.","og_description":"Pravno obvestilo podjetja Avtenta d.o.o.: avtorska pravica, omejitev odgovornosti in uporaba vsebin na spletnem mestu.","og_url":"https:\/\/avtenta.si\/sl\/pravno-obvestilo\/","og_site_name":"Avtenta - SAP re\u0161itve in brezpapirno poslovanje","article_modified_time":"2025-12-13T06:33:14+00:00","og_image":[{"width":800,"height":800,"url":"https:\/\/avtenta.si\/sl\/wp-content\/uploads\/2025\/12\/logo-Avtenta.jpg","type":"image\/jpeg"}],"twitter_card":"summary_large_image","twitter_misc":{"Est. reading time":"2 minuti"},"schema":{"@context":"https:\/\/schema.org","@graph":[{"@type":"WebPage","@id":"https:\/\/avtenta.si\/sl\/pravno-obvestilo\/","url":"https:\/\/avtenta.si\/sl\/pravno-obvestilo\/","name":"Pravno obvestilo | Avtenta d.o.o.","isPartOf":{"@id":"https:\/\/avtenta.si\/sl\/#website"},"primaryImageOfPage":{"@id":"https:\/\/avtenta.si\/sl\/pravno-obvestilo\/#primaryimage"},"image":{"@id":"https:\/\/avtenta.si\/sl\/pravno-obvestilo\/#primaryimage"},"thumbnailUrl":"https:\/\/avtenta.si\/sl\/wp-content\/uploads\/2025\/12\/logo-Avtenta.jpg","datePublished":"2025-09-11T18:56:11+00:00","dateModified":"2025-12-13T06:33:14+00:00","description":"Pravno obvestilo podjetja Avtenta d.o.o.: avtorska pravica, omejitev odgovornosti in uporaba vsebin na spletnem mestu.","breadcrumb":{"@id":"https:\/\/avtenta.si\/sl\/pravno-obvestilo\/#breadcrumb"},"inLanguage":"sl-SI","potentialAction":[{"@type":"ReadAction","target":["https:\/\/avtenta.si\/sl\/pravno-obvestilo\/"]}]},{"@type":"ImageObject","inLanguage":"sl-SI","@id":"https:\/\/avtenta.si\/sl\/pravno-obvestilo\/#primaryimage","url":"https:\/\/avtenta.si\/sl\/wp-content\/uploads\/2025\/12\/logo-Avtenta.jpg","contentUrl":"https:\/\/avtenta.si\/sl\/wp-content\/uploads\/2025\/12\/logo-Avtenta.jpg","width":800,"height":800,"caption":"Avtenta SAP in Dokumentni sistemi"},{"@type":"BreadcrumbList","@id":"https:\/\/avtenta.si\/sl\/pravno-obvestilo\/#breadcrumb","itemListElement":[{"@type":"ListItem","position":1,"name":"Home","item":"https:\/\/avtenta.si\/sl\/"},{"@type":"ListItem","position":2,"name":"Pravno obvestilo"}]},{"@type":"WebSite","@id":"https:\/\/avtenta.si\/sl\/#website","url":"https:\/\/avtenta.si\/sl\/","name":"Avtenta - SAP re\u0161itve in brezpapirno poslovanje","description":"Vodilni strokovnjaki na podro\u010dju SAP re\u0161itev in brezpapirnega poslovanja.","potentialAction":[{"@type":"SearchAction","target":{"@type":"EntryPoint","urlTemplate":"https:\/\/avtenta.si\/sl\/?s={search_term_string}"},"query-input":{"@type":"PropertyValueSpecification","valueRequired":true,"valueName":"search_term_string"}}],"inLanguage":"sl-SI"}]}},"_links":{"self":[{"href":"https:\/\/avtenta.si\/sl\/wp-json\/wp\/v2\/pages\/30467","targetHints":{"allow":["GET"]}}],"collection":[{"href":"https:\/\/avtenta.si\/sl\/wp-json\/wp\/v2\/pages"}],"about":[{"href":"https:\/\/avtenta.si\/sl\/wp-json\/wp\/v2\/types\/page"}],"author":[{"embeddable":true,"href":"https:\/\/avtenta.si\/sl\/wp-json\/wp\/v2\/users\/1"}],"replies":[{"embeddable":true,"href":"https:\/\/avtenta.si\/sl\/wp-json\/wp\/v2\/comments?post=30467"}],"version-history":[{"count":10,"href":"https:\/\/avtenta.si\/sl\/wp-json\/wp\/v2\/pages\/30467\/revisions"}],"predecessor-version":[{"id":32318,"href":"https:\/\/avtenta.si\/sl\/wp-json\/wp\/v2\/pages\/30467\/revisions\/32318"}],"wp:featuredmedia":[{"embeddable":true,"href":"https:\/\/avtenta.si\/sl\/wp-json\/wp\/v2\/media\/35116"}],"wp:attachment":[{"href":"https:\/\/avtenta.si\/sl\/wp-json\/wp\/v2\/media?parent=30467"}],"curies":[{"name":"wp","href":"https:\/\/api.w.org\/{rel}","templated":true}]}}