{"id":3,"date":"2025-07-09T18:38:34","date_gmt":"2025-07-09T18:38:34","guid":{"rendered":"https:\/\/avtenta.si\/sl\/?page_id=3"},"modified":"2025-12-23T04:23:01","modified_gmt":"2025-12-23T04:23:01","slug":"varovanje-osebnih-podatkov","status":"publish","type":"page","link":"https:\/\/avtenta.si\/sl\/varovanje-osebnih-podatkov\/","title":{"rendered":"Varovanje osebnih podatkov"},"content":{"rendered":"\t\t<div data-elementor-type=\"wp-page\" data-elementor-id=\"3\" class=\"elementor elementor-3\" data-elementor-post-type=\"page\">\n\t\t\t\t<div class=\"wd-negative-gap elementor-element elementor-element-5fde497 e-flex e-con-boxed e-con e-parent\" data-id=\"5fde497\" data-element_type=\"container\">\n\t\t\t\t\t<div class=\"e-con-inner\">\n\t\t\t\t<div class=\"elementor-element elementor-element-d5cef95 wd-el-breadcrumbs text-left elementor-widget elementor-widget-wd_element_breadcrumbs\" data-id=\"d5cef95\" data-element_type=\"widget\" data-widget_type=\"wd_element_breadcrumbs.default\">\n\t\t\t\t<div class=\"elementor-widget-container\">\n\t\t\t\t\t<nav class=\"wd-breadcrumbs\"><a href=\"https:\/\/avtenta.si\/sl\/\">Domov<\/a><span class=\"wd-delimiter\"><\/span><span class=\"wd-last\">Stran<\/span><\/nav>\t\t\t\t<\/div>\n\t\t\t\t<\/div>\n\t\t\t\t<div class=\"elementor-element elementor-element-0cb45a1 elementor-widget__width-initial elementor-widget-tablet__width-inherit wd-width-100 elementor-widget elementor-widget-wd_title\" data-id=\"0cb45a1\" data-element_type=\"widget\" data-widget_type=\"wd_title.default\">\n\t\t\t\t<div class=\"elementor-widget-container\">\n\t\t\t\t\t\t\t<div class=\"title-wrapper wd-set-mb reset-last-child wd-title-color-primary wd-title-style-default wd-title-size-large text-left\">\n\n\t\t\t\n\t\t\t<div class=\"liner-continer\">\n\t\t\t\t<h2 class=\"woodmart-title-container title wd-fontsize-xxl\">Varovanje <span style=\"color: #eb1e4e\"><b>osebnih podatkov<\/b><\/span><\/h2> \n\t\t\t\t\t\t\t<\/div>\n\n\t\t\t\t\t<\/div>\n\t\t\t\t\t\t<\/div>\n\t\t\t\t<\/div>\n\t\t\t\t<div class=\"elementor-element elementor-element-1bd9d89 elementor-widget elementor-widget-wd_text_block\" data-id=\"1bd9d89\" data-element_type=\"widget\" data-widget_type=\"wd_text_block.default\">\n\t\t\t\t<div class=\"elementor-widget-container\">\n\t\t\t\t\t\t\t<div class=\"wd-text-block reset-last-child text-left\">\n\t\t\t\n\t\t\t<p>Varovanje va\u0161e zasebnosti nam je pomembno, zato vam \u017eelimo s temi informacijami pomagati razumeti, katere va\u0161e osebne podatke zbiramo, zakaj jih zbiramo, kako jih uporabljamo, katere postopke obdelave izvajamo ter kak\u0161ne so va\u0161e pravice in kako jih lahko uveljavite.<\/p>\n\t\t\t\t\t<\/div>\n\t\t\t\t\t\t<\/div>\n\t\t\t\t<\/div>\n\t\t\t\t<div class=\"elementor-element elementor-element-bd204bd elementor-widget elementor-widget-wd_text_block\" data-id=\"bd204bd\" data-element_type=\"widget\" data-widget_type=\"wd_text_block.default\">\n\t\t\t\t<div class=\"elementor-widget-container\">\n\t\t\t\t\t\t\t<div class=\"wd-text-block reset-last-child text-left\">\n\t\t\t\n\t\t\t<h4>1. Splo\u0161no<\/h4><p>Avtenta d.o.o., Stegne 19, 1000 Ljubljana (v nadaljevanju: upravljavec) se zaveda pomembnosti varovanja osebnih podatkov, zato je to podro\u010dje uskladil s Evropsko Uredbo EU 2016\/679 o varstvu posameznikov pri obdelavi osebnih podatkov in o prostem pretoku takih podatkov ter o razveljavitvi Direktive 95\/46\/ES (v nadaljevanju GDPR).<\/p><p>Glavni cilj upravljavca je, da vam ponudi vrhunsko storitev in s tem dose\u017ee va\u0161e optimalno zadovoljstvo. Upravljalcu zbiranje in obdelava nekaterih osebnih podatkov omogo\u010data hitrej\u0161e in bolj\u0161e prilagajanje va\u0161im potrebam in \u017eeljam, vam pa zagotavljata u\u010dinkovitej\u0161o komunikacijo in bolj\u0161o uporabni\u0161ko izku\u0161njo.<\/p><p>Upravljalec skrbno hrani in varuje va\u0161e osebne podatke, da ne bi pri\u0161lo do morebitnih neupravi\u010denih razkritij podatkov nepoobla\u0161\u010denim osebam.<\/p><h4>2. Osebni podatki<\/h4><p>Skladno z GDPR osebni podatek pomeni katero koli informacijo v zvezi z dolo\u010denim ali dolo\u010dljivim posameznikom.<\/p><p>Upravljavec zbira in obdeluje izklju\u010dno le tiste va\u0161e osebne podatke, ki ste jih posredovali ob prijavi na dolo\u010deno storitev (prijava na e-novice ali z izpolnitvijo obrazca za neobvezujo\u010de povpra\u0161evanje). Ti osebni podatki so: ime in priimek, podjetje, telefonska \u0161tevilka, e-po\u0161tni naslov in IP naslov.<\/p><p>\u010ce posredujete podatke v imenu nekoga drugega, morate zagotoviti, da je bil ta predhodno obve\u0161\u010den in seznanjen s tem obvestilom o varovanju osebnih podatkov. \u010ce ste mlaj\u0161i od 16 let, osebne podatke posredujte le, \u010de imate za to dovoljenje star\u0161a ali zakonitega zastopnika.<\/p><p>Upravljavec vas napro\u0161a zaradi ohranjanja a\u017eurnosti podatkov, da sporo\u010dite vsako spremembo svojih kontaktnih podatkov.<\/p><h4>3. Varstvo osebnih podatkov<\/h4><p>Upravljavec osebne podatke uporablja in obdeluje na podlagi veljavne slovenske zakonodaje in prava Evropske Unije.<\/p><p>Upravljavec kot upravljavec osebnih podatkov spo\u0161tuje va\u0161o zasebnost in se zavezuje, da bo vse pridobljene osebne podatke skrbno varoval in jih brez va\u0161e privolitve ne bo posredoval tretji osebi oziroma jih uporabil v druge namene, kot v namene, za katere so bili osebni podatki posredovani.<\/p><p>Osebni podatki, ki jih je upravljavec zbral od vas, se lahko prenesejo tretjim osebam, pri \u010demer mora biti zagotovljeno, da obstaja pravna podlaga za prenos (va\u0161e izrecno soglasje ali zakonska dolo\u010dba).<\/p><p>Vsi va\u0161i osebni podatki so shranjeni na varnih stre\u017enikih upravljavca ali na varnih stre\u017enikih podizvajalcev ali poslovnih partnerjev upravljavca (ali v varni tiskani obliki), pri \u010demer se pri dostopu do njih in njihovi uporabi se uporabljajo politike in standardi glede varnosti upravljavca.<\/p><p>\u010ceprav pri prenosu podatkov prek spleta ali spletne strani ni mogo\u010de zagotoviti popolne za\u0161\u010dite pred kibernetskimi napadi, si upravljavec s svojimi podizvajalci in poslovnimi partnerji mo\u010dno prizadeva izvajati fizi\u010dne, elektronske in postopkovne za\u0161\u010ditne ukrepe za za\u0161\u010dito va\u0161ih podatkov v skladu z veljavnimi zahtevami glede varstva podatkov.<\/p><p>Dostop do va\u0161ih podatkov je upravljavec omejil na tiste osebe, ki jih potrebujejo za zadevni namen.\u00a0<\/p><h4>4. \u010cas hrambe osebnih podatkov<\/h4><p>Obdobje hrambe osebnih podatkov je odvisno od podlage in namena obdelave posamezne kategorije osebnih podatkov. Osebni podatki se hranijo le toliko \u010dasa, kolikor je to predpisano oziroma dovoljeno ter potrebno za dosego namena, zaradi katerega so se zbirali ali nadalje obdelovali. Osebni podatki se po izpolnitvi namena obdelav, \u010de ne obstaja druga pravna podlaga ali \u010de je to potrebno za uveljavljanje, izvajanje ali obrambo pravnih zahtevkov, izbri\u0161ejo, uni\u010dijo, blokirajo ali anonimizirajo.<\/p><h4>5. Va\u0161e pravice<\/h4><p>Pravico imate, da:<\/p><ul><li>zahtevate, da vam upravljavec zagotovi nadaljnje podrobnosti o tem, kako upravljavec uporablja va\u0161e podatke,<\/li><li>dostopate do va\u0161ih osebnih podatkov in kopij podatkov, ki ste jih posredovali upravljavcu,\u00a0<\/li><li>prejmete osebne podatke, ki ste jih posredovali upravljavcu, v strukturirani, splo\u0161no uporabljani in strojno berljivi obliki, in pravico, da te podatke brez oviranja posredujete drugemu upravljavcu, kadar je to tehni\u010dno izvedljivo, \u010de obdelava va\u0161ih podatkov temelji na va\u0161i privolitvi ali pogodbi in se izvaja z avtomatiziranimi sredstvi,<\/li><li>od upravljavca zahtevate, da posodobi vse neto\u010dnosti v podatkih, ki jih hrani,\u00a0<\/li><li>od upravljavca zahtevate, da izbri\u0161e vse podatke, za uporabo katerih nima ve\u010d zakonite podlage,\u00a0<\/li><li>kadar obdelava temelji na privolitvi in v zvezi s kakr\u0161nim koli neposrednim tr\u017eenjem, prekli\u010dete svoje privolitev z veljavnostjo za naprej, tako da upravljavec preneha z navedeno obdelavo,\u00a0<\/li><li>ugovarjate kakr\u0161nikoli obdelavi, ki temelji na zakonitih interesih, zaradi va\u0161ih posebnih okoli\u0161\u010din, razen \u010de imajo razlogi upravljavca za navedeno obdelavo prednost pred kakr\u0161nim koli poseganjem v va\u0161e pravice glede varstva podatkov,<\/li><li>od upravljavca zahtevate, da omeji na\u010din, kako uporablja va\u0161e podatke, na primer med prou\u010devanjem prito\u017ebe.<\/li><li>Glede uresni\u010devanja teh pravic veljajo nekatere izjeme pri varovanju javnega interesa (npr. prepre\u010devanje ali odkrivanje kaznivih dejanj), interesov upravljavca (npr. zagotavljanje varovanja zaupnosti) ali pravic in svobo\u0161\u010din drugih. \u010ce boste uveljavljali katerokoli od teh pravic, bo upravljavec preverili va\u0161o upravi\u010denost in odgovorili brez nepotrebnega odla\u0161anja, vendar najpozneje v mesecu dni. V zapletenih primerih ali ob prejetju velikega \u0161tevila zahtev, se lahko ta rok podalj\u0161a za nadaljnja dva meseca, o \u010demer vas bo Upravljavec obvestil.<\/li><\/ul><p>Kadarkoli imate pravico vlo\u017eiti prito\u017ebo pri nadzornem organu za varstvo osebnih podatkov:<\/p><p>Informacijski poobla\u0161\u010denec, Zalo\u0161ka 59, 1000 Ljubljana, <a href=\"http:\/\/www.ip-rs.si\/\">www.ip-rs.si<\/a><\/p><h4>6. Upravljalec<\/h4><p>Upravljavec va\u0161ih osebnih podatkov je Avtenta d.o.o., Stegne 19, 1000 Ljubljana<\/p><p>Kontaktni naslov za varstvo va\u0161ih podatkov: <strong><a style=\"color: #eb1e4e;\" href=\"mailto:info@avtenta.si\">info@avtenta.si<\/a><\/strong><\/p>\n\t\t\t\t\t<\/div>\n\t\t\t\t\t\t<\/div>\n\t\t\t\t<\/div>\n\t\t\t\t\t<\/div>\n\t\t\t\t<\/div>\n\t\t\t\t<\/div>\n\t\t","protected":false},"excerpt":{"rendered":"<p>DomovStran Varovanje osebnih podatkov Varovanje va\u0161e zasebnosti nam je pomembno, zato vam \u017eelimo s temi informacijami pomagati razumeti, katere va\u0161e<\/p>\n","protected":false},"author":1,"featured_media":0,"parent":0,"menu_order":0,"comment_status":"closed","ping_status":"closed","template":"","meta":{"footnotes":""},"class_list":["post-3","page","type-page","status-publish","hentry"],"yoast_head":"<!-- This site is optimized with the Yoast SEO plugin v27.0 - https:\/\/yoast.com\/product\/yoast-seo-wordpress\/ -->\n<title>Varovanje osebnih podatkov - Avtenta - SAP re\u0161itve in brezpapirno poslovanje<\/title>\n<meta name=\"robots\" content=\"index, follow, max-snippet:-1, max-image-preview:large, max-video-preview:-1\" \/>\n<link rel=\"canonical\" href=\"https:\/\/avtenta.si\/sl\/varovanje-osebnih-podatkov\/\" \/>\n<meta property=\"og:locale\" content=\"sl_SI\" \/>\n<meta property=\"og:type\" content=\"article\" \/>\n<meta property=\"og:title\" content=\"Varovanje osebnih podatkov - Avtenta - SAP re\u0161itve in brezpapirno poslovanje\" \/>\n<meta property=\"og:description\" content=\"DomovStran Varovanje osebnih podatkov Varovanje va\u0161e zasebnosti nam je pomembno, zato vam \u017eelimo s temi informacijami pomagati razumeti, katere va\u0161e\" \/>\n<meta property=\"og:url\" content=\"https:\/\/avtenta.si\/sl\/varovanje-osebnih-podatkov\/\" \/>\n<meta property=\"og:site_name\" content=\"Avtenta - SAP re\u0161itve in brezpapirno poslovanje\" \/>\n<meta property=\"article:modified_time\" content=\"2025-12-23T04:23:01+00:00\" \/>\n<meta name=\"twitter:card\" content=\"summary_large_image\" \/>\n<meta name=\"twitter:label1\" content=\"Est. reading time\" \/>\n\t<meta name=\"twitter:data1\" content=\"5 minut\" \/>\n<script type=\"application\/ld+json\" class=\"yoast-schema-graph\">{\"@context\":\"https:\/\/schema.org\",\"@graph\":[{\"@type\":\"WebPage\",\"@id\":\"https:\/\/avtenta.si\/sl\/varovanje-osebnih-podatkov\/\",\"url\":\"https:\/\/avtenta.si\/sl\/varovanje-osebnih-podatkov\/\",\"name\":\"Varovanje osebnih podatkov - Avtenta - SAP re\u0161itve in brezpapirno poslovanje\",\"isPartOf\":{\"@id\":\"https:\/\/avtenta.si\/sl\/#website\"},\"datePublished\":\"2025-07-09T18:38:34+00:00\",\"dateModified\":\"2025-12-23T04:23:01+00:00\",\"breadcrumb\":{\"@id\":\"https:\/\/avtenta.si\/sl\/varovanje-osebnih-podatkov\/#breadcrumb\"},\"inLanguage\":\"sl-SI\",\"potentialAction\":[{\"@type\":\"ReadAction\",\"target\":[\"https:\/\/avtenta.si\/sl\/varovanje-osebnih-podatkov\/\"]}]},{\"@type\":\"BreadcrumbList\",\"@id\":\"https:\/\/avtenta.si\/sl\/varovanje-osebnih-podatkov\/#breadcrumb\",\"itemListElement\":[{\"@type\":\"ListItem\",\"position\":1,\"name\":\"Home\",\"item\":\"https:\/\/avtenta.si\/sl\/\"},{\"@type\":\"ListItem\",\"position\":2,\"name\":\"Varovanje osebnih podatkov\"}]},{\"@type\":\"WebSite\",\"@id\":\"https:\/\/avtenta.si\/sl\/#website\",\"url\":\"https:\/\/avtenta.si\/sl\/\",\"name\":\"Avtenta - SAP re\u0161itve in brezpapirno poslovanje\",\"description\":\"Vodilni strokovnjaki na podro\u010dju SAP re\u0161itev in brezpapirnega poslovanja.\",\"potentialAction\":[{\"@type\":\"SearchAction\",\"target\":{\"@type\":\"EntryPoint\",\"urlTemplate\":\"https:\/\/avtenta.si\/sl\/?s={search_term_string}\"},\"query-input\":{\"@type\":\"PropertyValueSpecification\",\"valueRequired\":true,\"valueName\":\"search_term_string\"}}],\"inLanguage\":\"sl-SI\"}]}<\/script>\n<!-- \/ Yoast SEO plugin. -->","yoast_head_json":{"title":"Varovanje osebnih podatkov - Avtenta - SAP re\u0161itve in brezpapirno poslovanje","robots":{"index":"index","follow":"follow","max-snippet":"max-snippet:-1","max-image-preview":"max-image-preview:large","max-video-preview":"max-video-preview:-1"},"canonical":"https:\/\/avtenta.si\/sl\/varovanje-osebnih-podatkov\/","og_locale":"sl_SI","og_type":"article","og_title":"Varovanje osebnih podatkov - Avtenta - SAP re\u0161itve in brezpapirno poslovanje","og_description":"DomovStran Varovanje osebnih podatkov Varovanje va\u0161e zasebnosti nam je pomembno, zato vam \u017eelimo s temi informacijami pomagati razumeti, katere va\u0161e","og_url":"https:\/\/avtenta.si\/sl\/varovanje-osebnih-podatkov\/","og_site_name":"Avtenta - SAP re\u0161itve in brezpapirno poslovanje","article_modified_time":"2025-12-23T04:23:01+00:00","twitter_card":"summary_large_image","twitter_misc":{"Est. reading time":"5 minut"},"schema":{"@context":"https:\/\/schema.org","@graph":[{"@type":"WebPage","@id":"https:\/\/avtenta.si\/sl\/varovanje-osebnih-podatkov\/","url":"https:\/\/avtenta.si\/sl\/varovanje-osebnih-podatkov\/","name":"Varovanje osebnih podatkov - Avtenta - SAP re\u0161itve in brezpapirno poslovanje","isPartOf":{"@id":"https:\/\/avtenta.si\/sl\/#website"},"datePublished":"2025-07-09T18:38:34+00:00","dateModified":"2025-12-23T04:23:01+00:00","breadcrumb":{"@id":"https:\/\/avtenta.si\/sl\/varovanje-osebnih-podatkov\/#breadcrumb"},"inLanguage":"sl-SI","potentialAction":[{"@type":"ReadAction","target":["https:\/\/avtenta.si\/sl\/varovanje-osebnih-podatkov\/"]}]},{"@type":"BreadcrumbList","@id":"https:\/\/avtenta.si\/sl\/varovanje-osebnih-podatkov\/#breadcrumb","itemListElement":[{"@type":"ListItem","position":1,"name":"Home","item":"https:\/\/avtenta.si\/sl\/"},{"@type":"ListItem","position":2,"name":"Varovanje osebnih podatkov"}]},{"@type":"WebSite","@id":"https:\/\/avtenta.si\/sl\/#website","url":"https:\/\/avtenta.si\/sl\/","name":"Avtenta - SAP re\u0161itve in brezpapirno poslovanje","description":"Vodilni strokovnjaki na podro\u010dju SAP re\u0161itev in brezpapirnega poslovanja.","potentialAction":[{"@type":"SearchAction","target":{"@type":"EntryPoint","urlTemplate":"https:\/\/avtenta.si\/sl\/?s={search_term_string}"},"query-input":{"@type":"PropertyValueSpecification","valueRequired":true,"valueName":"search_term_string"}}],"inLanguage":"sl-SI"}]}},"_links":{"self":[{"href":"https:\/\/avtenta.si\/sl\/wp-json\/wp\/v2\/pages\/3","targetHints":{"allow":["GET"]}}],"collection":[{"href":"https:\/\/avtenta.si\/sl\/wp-json\/wp\/v2\/pages"}],"about":[{"href":"https:\/\/avtenta.si\/sl\/wp-json\/wp\/v2\/types\/page"}],"author":[{"embeddable":true,"href":"https:\/\/avtenta.si\/sl\/wp-json\/wp\/v2\/users\/1"}],"replies":[{"embeddable":true,"href":"https:\/\/avtenta.si\/sl\/wp-json\/wp\/v2\/comments?post=3"}],"version-history":[{"count":19,"href":"https:\/\/avtenta.si\/sl\/wp-json\/wp\/v2\/pages\/3\/revisions"}],"predecessor-version":[{"id":36313,"href":"https:\/\/avtenta.si\/sl\/wp-json\/wp\/v2\/pages\/3\/revisions\/36313"}],"wp:attachment":[{"href":"https:\/\/avtenta.si\/sl\/wp-json\/wp\/v2\/media?parent=3"}],"curies":[{"name":"wp","href":"https:\/\/api.w.org\/{rel}","templated":true}]}}