{"id":29524,"date":"2025-07-28T14:37:07","date_gmt":"2025-07-28T14:37:07","guid":{"rendered":"https:\/\/avtenta.si\/sl\/?page_id=29524"},"modified":"2026-01-09T11:37:49","modified_gmt":"2026-01-09T11:37:49","slug":"politika-elektronskih-podpisov","status":"publish","type":"page","link":"https:\/\/avtenta.si\/sl\/politika-elektronskih-podpisov\/","title":{"rendered":"Politika elektronskih podpisov"},"content":{"rendered":"\t\t<div data-elementor-type=\"wp-page\" data-elementor-id=\"29524\" class=\"elementor elementor-29524\" data-elementor-post-type=\"page\">\n\t\t\t\t<div class=\"wd-negative-gap elementor-element elementor-element-21c23c8b e-flex e-con-boxed e-con e-parent\" data-id=\"21c23c8b\" data-element_type=\"container\">\n\t\t\t\t\t<div class=\"e-con-inner\">\n\t\t\t\t<div class=\"elementor-element elementor-element-396c986 wd-el-breadcrumbs text-left elementor-widget elementor-widget-wd_element_breadcrumbs\" data-id=\"396c986\" data-element_type=\"widget\" data-widget_type=\"wd_element_breadcrumbs.default\">\n\t\t\t\t<div class=\"elementor-widget-container\">\n\t\t\t\t\t<nav class=\"wd-breadcrumbs\"><a href=\"https:\/\/avtenta.si\/sl\/\">Domov<\/a><span class=\"wd-delimiter\"><\/span><span class=\"wd-last\">Stran<\/span><\/nav>\t\t\t\t<\/div>\n\t\t\t\t<\/div>\n\t\t\t\t<div class=\"elementor-element elementor-element-6e5a114 elementor-widget__width-initial elementor-widget-tablet__width-inherit wd-width-100 elementor-widget elementor-widget-wd_title\" data-id=\"6e5a114\" data-element_type=\"widget\" data-widget_type=\"wd_title.default\">\n\t\t\t\t<div class=\"elementor-widget-container\">\n\t\t\t\t\t\t\t<div class=\"title-wrapper wd-set-mb reset-last-child wd-title-color-primary wd-title-style-default wd-title-size-large text-left\">\n\n\t\t\t\n\t\t\t<div class=\"liner-continer\">\n\t\t\t\t<h1 class=\"woodmart-title-container title wd-fontsize-xxl\">Politika elektronskih podpisov - <span style=\"color: #eb1e4e\"><b>namen in terminologija<\/b><\/span><\/h1> \n\t\t\t\t\t\t\t<\/div>\n\n\t\t\t\t\t<\/div>\n\t\t\t\t\t\t<\/div>\n\t\t\t\t<\/div>\n\t\t\t\t<div class=\"elementor-element elementor-element-97e4420 elementor-widget elementor-widget-wd_text_block\" data-id=\"97e4420\" data-element_type=\"widget\" data-widget_type=\"wd_text_block.default\">\n\t\t\t\t<div class=\"elementor-widget-container\">\n\t\t\t\t\t\t\t<div class=\"wd-text-block reset-last-child text-left\">\n\t\t\t\n\t\t\t<h4><span style=\"text-decoration: underline;\">1.1 Namen<\/span><\/h4><p>Dokument opisuje postopke in pravila elektronskih podpisov v aplikaciji za elektronsko hrambo dokumentov za fizi\u010dne in pravne osebe ArchiveConnect.<\/p><p>Postopki in pravila elektronskih podpisov so v skladu z internimi pravili podjetij Actual in Avtenta, ter zakonom ZEPEP in ZVDAGA.<\/p><h4><span style=\"text-decoration: underline;\">1.2 Terminologija \/ pomen<\/span><\/h4><p>Uporabljeni izrazi v politiki podpisovanja imajo naslednji pomen:<\/p><table border=\"1\" cellspacing=\"0\" cellpadding=\"0\"><tbody><tr><td valign=\"top\" width=\"153\"><p><strong><em>korensko potrdilo<\/em><\/strong><\/p><\/td><td valign=\"top\" width=\"366\"><p align=\"left\">samo-podpisano digitalno potrdilo overitelja, ki je na vrhu drevesne hierarhije PKI (angl.: Root certificate)<\/p><\/td><\/tr><tr><td valign=\"top\" width=\"153\"><p><strong><em>MD5<\/em><\/strong><\/p><\/td><td valign=\"top\" width=\"366\"><p align=\"left\">algoritem za izra\u010dun zgo\u0161\u010dene vrednosti<\/p><\/td><\/tr><tr><td valign=\"top\" width=\"153\"><p><strong><em>overiteljsko potrdilo<\/em><\/strong><\/p><\/td><td valign=\"top\" width=\"366\"><p align=\"left\">glej korensko potrdilo in vmesno potrdilo. Lahko ozna\u010duje obe vrsti potrdil, zanj pa je zna\u010dilno, da z njim izdajamo druga digitalna potrdila (angl. CA certificate).<\/p><\/td><\/tr><tr><td valign=\"top\" width=\"153\"><p><strong><em>SHA 1<\/em><\/strong><\/p><\/td><td valign=\"top\" width=\"366\"><p align=\"left\">algoritem za izra\u010dun zgo\u0161\u010dene vrednosti<\/p><\/td><\/tr><tr><td valign=\"top\" width=\"153\"><p><strong><em>vmesno potrdilo<\/em><\/strong><\/p><\/td><td valign=\"top\" width=\"366\"><p align=\"left\">je digitalno potrdilo overitelja, ki je hierarhi\u010dno pod drugim overiteljem, ki mu je podpisal vmesno potrdilo (angl. Intermediate certificate)<\/p><\/td><\/tr><tr><td valign=\"top\" width=\"153\"><p><strong><em>zgo\u0161\u010dena vrednost<\/em><\/strong><\/p><\/td><td valign=\"top\" width=\"366\"><p align=\"left\">je blok znakov konstantne dol\u017eine (angle\u0161ko \u00bbHash\u00ab) in je preslikava poljubno dolgega niza znakov z zgo\u0161\u010devalno funkcijo. Je nekak\u0161en prstni odtis oziroma povzetek vhodnega niza.<\/p><\/td><\/tr><\/tbody><\/table><p>Strokovni, pravni in kriptografski izrazi v nadaljevanju imajo naslednji pomen:<\/p><table border=\"1\" cellspacing=\"0\" cellpadding=\"0\"><tbody><tr><td valign=\"top\" width=\"200\"><p align=\"left\"><strong><em>naslovnik elektronskega sporo\u010dila<\/em><\/strong><\/p><\/td><td valign=\"top\" width=\"319\"><p align=\"left\">je oseba ali informacijski sistem, ki ji je po\u0161iljatelj namenil elektronsko sporo\u010dilo<\/p><\/td><\/tr><tr><td valign=\"top\" width=\"200\"><p align=\"left\"><strong><em>prejemnik elektronskega sporo\u010dila<\/em><\/strong><\/p><\/td><td valign=\"top\" width=\"319\"><p align=\"left\">je oseba ali informacijski sistem, ki je prejel elektronsko sporo\u010dilo; posrednik elektronskega sporo\u010dila se ne \u0161teje za prejemnika tega elektronskega sporo\u010dila<\/p><\/td><\/tr><tr><td valign=\"top\" width=\"200\"><p align=\"left\"><strong><em>posrednik elektronskega sporo\u010dila<\/em><\/strong><\/p><\/td><td valign=\"top\" width=\"319\"><p align=\"left\">je oseba ali informacijski sistem, ki za drugo osebo po\u0161lje, prejme, shrani elektronsko sporo\u010dilo ali nudi druge storitve v zvezi z elektronskim sporo\u010dilom<\/p><\/td><\/tr><tr><td valign=\"top\" width=\"200\"><p align=\"left\"><strong><em>podpisnik<\/em><\/strong><\/p><\/td><td valign=\"top\" width=\"319\"><p align=\"left\">je oseba ali informacijski sistem, ki ustvari ali je v njenem imenu in v skladu z njeno voljo ustvarjen elektronski podpis<\/p><\/td><\/tr><tr><td valign=\"top\" width=\"200\"><p align=\"left\"><strong><em>informacijski sistem<\/em><\/strong><\/p><\/td><td valign=\"top\" width=\"319\"><p align=\"left\">je sistem za oblikovanje, po\u0161iljanje, prejemanje, shranjevanje in druge obdelave podatkov v elektronski obliki<\/p><\/td><\/tr><tr><td valign=\"top\" width=\"200\"><p align=\"left\"><strong><em>podatki za elektronsko podpisovanje<\/em><\/strong><\/p><\/td><td valign=\"top\" width=\"319\"><p align=\"left\">so edinstveni podatki, kot so \u0161ifre ali zasebni \u0161ifrirni klju\u010di, ki jih podpisnik uporablja za oblikovanje elektronskega podpisa<\/p><\/td><\/tr><tr><td valign=\"top\" width=\"200\"><p align=\"left\"><strong><em>sredstvo za elektronsko podpisovanje<\/em><\/strong><\/p><\/td><td valign=\"top\" width=\"319\"><p align=\"left\">je nastavljena programska ali strojna oprema, ki jo podpisnik uporablja za oblikovanje elektronskega podpisa<\/p><\/td><\/tr><tr><td valign=\"top\" width=\"200\"><p align=\"left\"><strong><em>sredstvo za varno elektronsko podpisovanje<\/em><\/strong><\/p><\/td><td valign=\"top\" width=\"319\"><p align=\"left\">je sredstvo za elektronsko podpisovanje, ki izpolnjuje zahteve iz 37. \u010dlena ZEPEP<\/p><\/td><\/tr><tr><td valign=\"top\" width=\"200\"><p align=\"left\"><strong><em>podatki za preverjanje elektronskega podpisa<\/em><\/strong><\/p><\/td><td valign=\"top\" width=\"319\"><p align=\"left\">so edinstveni podatki, kot so \u0161ifre ali javni \u0161ifrirni klju\u010di, ki se uporabljajo za preverjanje elektronskega podpisa<\/p><\/td><\/tr><tr><td valign=\"top\" width=\"200\"><p align=\"left\"><strong><em>sredstvo za preverjanje elektronskega podpisa<\/em><\/strong><\/p><\/td><td valign=\"top\" width=\"319\"><p align=\"left\">je nastavljena programska ali strojna oprema, ki se uporablja za preverjanje elektronskega podpisa<\/p><\/td><\/tr><tr><td valign=\"top\" width=\"200\"><p align=\"left\"><strong><em>oprema za elektronsko podpisovanje<\/em><\/strong><\/p><\/td><td valign=\"top\" width=\"319\"><p align=\"left\">je strojna ali programska oprema ali njune specifi\u010dne sestavine, ki jih overitelj uporablja za storitve v zvezi z elektronskim podpisovanjem ali ki se uporabljajo za oblikovanje ali preverjanje elektronskih podpisov<\/p><\/td><\/tr><tr><td valign=\"top\" width=\"200\"><p align=\"left\"><strong><em>(digitalno) potrdilo (certifikat)<\/em><\/strong><\/p><\/td><td valign=\"top\" width=\"319\"><p align=\"left\">je potrdilo v elektronski obliki, ki povezuje podatke za preverjanje elektronskega podpisa z dolo\u010deno osebo (imetnikom potrdila) ter potrjuje njeno identiteto<\/p><\/td><\/tr><tr><td valign=\"top\" width=\"200\"><p align=\"left\"><strong><em>kvalificirano potrdilo<\/em><\/strong><\/p><\/td><td valign=\"top\" width=\"319\"><p align=\"left\">je potrdilo, ki izpolnjuje zahteve iz 28. \u010dlena ZEPEP in ki ga izda overitelj, ki deluje v skladu z zahtevami iz 29. do 36. \u010dlena ZEPEP<\/p><\/td><\/tr><tr><td valign=\"top\" width=\"200\"><p align=\"left\"><strong><em>overitelj<\/em><\/strong><\/p><\/td><td valign=\"top\" width=\"319\"><p align=\"left\">je fizi\u010dna ali pravna oseba, ki izdaja potrdila ali opravlja druge storitve v zvezi z overjanjem ali elektronskimi podpisi<\/p><\/td><\/tr><\/tbody><\/table>\n\t\t\t\t\t<\/div>\n\t\t\t\t\t\t<\/div>\n\t\t\t\t<\/div>\n\t\t\t\t<div class=\"elementor-element elementor-element-6e43a13 elementor-widget__width-initial elementor-widget-tablet__width-inherit wd-width-100 elementor-widget elementor-widget-wd_title\" data-id=\"6e43a13\" data-element_type=\"widget\" data-widget_type=\"wd_title.default\">\n\t\t\t\t<div class=\"elementor-widget-container\">\n\t\t\t\t\t\t\t<div class=\"title-wrapper wd-set-mb reset-last-child wd-title-color-primary wd-title-style-default wd-title-size-large text-left\">\n\n\t\t\t\n\t\t\t<div class=\"liner-continer\">\n\t\t\t\t<h2 class=\"woodmart-title-container title wd-fontsize-xxl\"> <span style=\"color: #eb1e4e\"><b>Politika elektronskih podpisov za elektronsko hrambo dokumentov<\/b><\/span> za fizi\u010dne in pravne osebe \"shramba.eu\"<\/h2> \n\t\t\t\t\t\t\t<\/div>\n\n\t\t\t\t\t<\/div>\n\t\t\t\t\t\t<\/div>\n\t\t\t\t<\/div>\n\t\t\t\t<div class=\"elementor-element elementor-element-b3dded3 elementor-widget elementor-widget-wd_text_block\" data-id=\"b3dded3\" data-element_type=\"widget\" data-widget_type=\"wd_text_block.default\">\n\t\t\t\t<div class=\"elementor-widget-container\">\n\t\t\t\t\t\t\t<div class=\"wd-text-block reset-last-child text-left\">\n\t\t\t\n\t\t\t<h4><span style=\"text-decoration: underline;\">1.3 Splo\u0161ne informacije<\/span><\/h4><h4><span style=\"text-decoration: underline;\">1.3.1 Podro\u010dje uporabe politike<\/span><\/h4><p align=\"left\">Politika se uporablja za oddajo dokumentov za elektronsko hrambo ArchiveConnect skladno z Zakon o varstvu dokumentarnega in arhivskega gradiva ter arhivih (ZVDAGA), kot ga opredeljujejo Splo\u0161ni pogoji uporabe storitve siHramba.eu (v nadaljevanju\u00a0<em>splo\u0161ni pogoji<\/em>).<a href=\"https:\/\/prodactual.sihramba.eu\/prod\/NoAuth\/dokumenti\/PolitikaElektronskihPodpisov_1.html#_msocom_1\">[DS1]<\/a><\/p><p align=\"left\">Elektronski podpis po tej politiki se opredeljuje kot varen elektronski podpis po 2. \u010dlenu Zakona o elektronskem poslovanju in elektronskem podpisu, \u010de je napravljen z digitalnim potrdilom, ki je opredeljeno kot kvalificirano digitalno potrdilo po 2. \u010dlenu istega zakona.<\/p><h4><span style=\"text-decoration: underline;\">1.3.2 Format politike<\/span><\/h4><p>HTML datoteka.<\/p><h4><span style=\"text-decoration: underline;\">1.3.3 Mesto objave te politike<\/span><\/h4><p><a href=\"http:\/\/www.sihramba.eu\/dokumenti\/PolitikaElektronskihPodpisov_1.\">http:\/\/www.sihramba.eu\/dokumenti\/PolitikaElektronskihPodpisov_1.<\/a>html<\/p><h4><span style=\"text-decoration: underline;\">1.3.4 Mesto objave splo\u0161nih pogojev<\/span><\/h4><p>http:\/\/www.sihramba.eu\/dokumenti\/SplosniPogojiUporabe_1.html<\/p><h4><span style=\"text-decoration: underline;\">1.3.5 Tehni\u010dna izvedba podpisa<\/span><\/h4><p align=\"left\">Podpis je izveden v skladu z RFC 3275 - (Extensible Markup Language) XML-Signature Syntax and Processing in RFC 2807 - XML Signature Requirements.<\/p><h4><span style=\"text-decoration: underline;\">1.4 Pomen podpisa<\/span><\/h4><p align=\"left\">V sistemu za elektronsko hrambo ArchiveConnect nastopajo naslednji tipi tipa podpisov:<\/p><ul><li>Podpis po\u0161iljatelja<\/li><li>Podpis prejema<\/li><li>\u010casovni \u017eig<\/li><\/ul><p align=\"left\">Pomen posameznega tipa podpisa je podrobneje opredeljen v nadaljevanju.<\/p><h4><span style=\"text-decoration: underline;\">1.4.1 Podpis po\u0161iljatelja<\/span><\/h4><p align=\"left\">Podpis po\u0161iljatelja dokumenta napravi poobla\u0161\u010deni uporabnik sistema za elektronsko hrambo ArchiveConnect. Individualni podpis pomeni, da uporabnik vsebino podpisanih polj eviden\u010dnih podatkov ter pripadajo\u010dih prilog (dejanskih dokumentov za elektronsko hrambo) v dokumentu potrjuje in oddaja v sistem za elektronsko hrambo ArchiveConnect za hranjenje.<\/p><p align=\"left\">Oznaka podpisa (Signature ID) je SourceSignature<\/p><p align=\"left\">Podpisani elementi so:<\/p><ul><li>Meta podatki datoteke ki se arhivira (XML dokument)<\/li><li>Referenca na datoteko ki se arhivira<\/li><li>Referenca na prikazovalno transformacijo<\/li><li>Referenca na politiko elektronskega podpisa<\/li><\/ul><p align=\"left\">Zasebni klju\u010d za individualni podpis je shranjen bodisi na pametni kartici bodisi na varovanem ra\u010dunalniku poobla\u0161\u010denega uporabnika.<\/p><h4><span style=\"text-decoration: underline;\">1.4.2 Podpis prejema<\/span><\/h4><p align=\"left\">Podpis prejema napravi stre\u017enik sistema za elektronsko hrambo ArchiveConnect. Podpis pomeni, da je sistem dokument sprejel in ga bo obdelal\/shranil po postopku, ki je za ta dokument predviden.<\/p><p align=\"left\">Oznaka podpisa (Signature ID) je \"ServerSignature\". Podpisani elementi:<\/p><ul><li>Meta podatki datoteke ki se arhivira (XML dokument)<\/li><li>Referenca na datoteko ki se arhivira<\/li><li>Referenca na prikazovalno transformacijo<\/li><li>Referenca na politiko elektronskega podpisa<\/li><li>Podpis po\u0161iljatelja<\/li><\/ul><h4><span style=\"text-decoration: underline;\">1.4.3 \u010casovni \u017eig<\/span><\/h4><p>\u010casovni \u017eig prejemu se izvede z uporabo servisa SI-TSA (<a href=\"http:\/\/www.si-tsa.si\/\">http:\/\/www.si-tsa.si\/<\/a>)<\/p><p>\u010casovno \u017eigosajo se naslednji podatki:<\/p><ul><li>Podpis po\u0161iljatelja<\/li><li>Podpis prejema<\/li><li>Podatki za ohranjanje veljavnosti digitalnih podpisov<\/li><\/ul><h4><span style=\"text-decoration: underline;\">1.5 Preverjanje podpisa<\/span><\/h4><p>Da je podpis v skladu s to politiko veljaven, mora ustrezati vsaj vsem naslednjim pogojem:<\/p><ul><li>za vsa digitalna potrdila, neposredno vklju\u010dena v postopek preverjanja (vklju\u010dno z morebitnimi\u010dasovnimi \u017eigi), je preverjena veriga zaupanja med digitalnimi potrdili do korena, ki se mora kon\u010dati z enim od zaupanja vrednih overiteljskih potrdil, ki so navedena spodaj,<\/li><li>za vsak podpisani podatek je zgo\u0161\u010dena vrednost (hash) po uporabljenem algoritmu (predvidoma SHA1) enaka zgo\u0161\u010deni vrednosti v podpisu, ki jo dobimo iz podpisa z ustreznim algoritmom (predvidoma RSA) z uporabo javnega klju\u010da v digitalnem potrdilu, s katerim je bil podpis napravljen,<\/li><li>prej\u0161nja to\u010dka velja tudi za preverjanje podpisov overiteljev v digitalnih potrdilih,<\/li><li>digitalno potrdilo, s katerim je bil napravljen podpis, je veljavno (njegovo obdobje veljavnosti se je za\u010delo in ni preteklo, potrdilo pa ni bilo preklicano) ali je bilo veljavno v \u010dasu podpisa, ki ga opredeljuje varen \u010dasovni \u017eig,<\/li><li>imetnik digitalnega potrdila je bil v \u010dasu prejema naro\u010dila poobla\u0161\u010den za tip podpisa za dokument, v katerem se podpis nahaja in na katerega se podpis nana\u0161a<\/li><\/ul><h4><span style=\"text-decoration: underline;\">1.6 Zaupanja vredni overitelji, njihove politike in potrdila<\/span><\/h4><h4><span style=\"text-decoration: underline;\">1.6.1 Overitelji<\/span><\/h4><p><strong>Overitelj digitalnih potrdil na Ministrstvu za javno upravo<\/strong><\/p><p>Tr\u017ea\u0161ka cesta 21<br \/>1000 Ljubljana<br \/>Slovenija<\/p><p><strong>Splet:\u00a0<\/strong><strong><a style=\"color: #eb1e4e;\" href=\"http:\/\/www.si-ca.si\/\">http:\/\/www.si-ca.si\/<\/a><\/strong><\/p><h4><span style=\"font-size: 18px; text-decoration-line: underline;\">1.6.2 Politike<\/span><\/h4><ul><li>Politika SIGEN-CA-1 za kvalificirana digitalna potrdila za pravne in fizi\u010dne osebe, registrirane za opravljanje dejavnosti<\/li><li>OID 1.3.6.1.4.1.6105.2.1.1.1<\/li><li>OID 1.3.6.1.4.1.6105.2.1.2.1<\/li><li>OID 1.3.6.1.4.1.6105.2.1.3.1<\/li><\/ul><p><strong>Splet:\u00a0<a style=\"color: #eb1e4e;\" href=\"http:\/\/www.sigen-ca.si\/politika-sigen-ca-organizacije.php\">http:\/\/www.sigen-ca.si\/politika-sigen-ca-organizacije.php<\/a><\/strong><\/p>\n\t\t\t\t\t<\/div>\n\t\t\t\t\t\t<\/div>\n\t\t\t\t<\/div>\n\t\t\t\t\t<\/div>\n\t\t\t\t<\/div>\n\t\t\t\t<\/div>\n\t\t","protected":false},"excerpt":{"rendered":"<p>DomovStran Politika elektronskih podpisov &#8211; namen in terminologija 1.1 Namen Dokument opisuje postopke in pravila elektronskih podpisov v aplikaciji za<\/p>\n","protected":false},"author":1,"featured_media":0,"parent":0,"menu_order":0,"comment_status":"closed","ping_status":"closed","template":"","meta":{"footnotes":""},"class_list":["post-29524","page","type-page","status-publish","hentry"],"yoast_head":"<!-- This site is optimized with the Yoast SEO plugin v27.0 - https:\/\/yoast.com\/product\/yoast-seo-wordpress\/ -->\n<title>Politika elektronskih podpisov - Avtenta - SAP re\u0161itve in brezpapirno poslovanje<\/title>\n<meta name=\"robots\" content=\"index, follow, max-snippet:-1, max-image-preview:large, max-video-preview:-1\" \/>\n<link rel=\"canonical\" href=\"https:\/\/avtenta.si\/sl\/politika-elektronskih-podpisov\/\" \/>\n<meta property=\"og:locale\" content=\"sl_SI\" \/>\n<meta property=\"og:type\" content=\"article\" \/>\n<meta property=\"og:title\" content=\"Politika elektronskih podpisov - Avtenta - SAP re\u0161itve in brezpapirno poslovanje\" \/>\n<meta property=\"og:description\" content=\"DomovStran Politika elektronskih podpisov &#8211; namen in terminologija 1.1 Namen Dokument opisuje postopke in pravila elektronskih podpisov v aplikaciji za\" \/>\n<meta property=\"og:url\" content=\"https:\/\/avtenta.si\/sl\/politika-elektronskih-podpisov\/\" \/>\n<meta property=\"og:site_name\" content=\"Avtenta - SAP re\u0161itve in brezpapirno poslovanje\" \/>\n<meta property=\"article:modified_time\" content=\"2026-01-09T11:37:49+00:00\" \/>\n<meta name=\"twitter:card\" content=\"summary_large_image\" \/>\n<meta name=\"twitter:label1\" content=\"Est. reading time\" \/>\n\t<meta name=\"twitter:data1\" content=\"6 minut\" \/>\n<script type=\"application\/ld+json\" class=\"yoast-schema-graph\">{\"@context\":\"https:\/\/schema.org\",\"@graph\":[{\"@type\":\"WebPage\",\"@id\":\"https:\/\/avtenta.si\/sl\/politika-elektronskih-podpisov\/\",\"url\":\"https:\/\/avtenta.si\/sl\/politika-elektronskih-podpisov\/\",\"name\":\"Politika elektronskih podpisov - Avtenta - SAP re\u0161itve in brezpapirno poslovanje\",\"isPartOf\":{\"@id\":\"https:\/\/avtenta.si\/sl\/#website\"},\"datePublished\":\"2025-07-28T14:37:07+00:00\",\"dateModified\":\"2026-01-09T11:37:49+00:00\",\"breadcrumb\":{\"@id\":\"https:\/\/avtenta.si\/sl\/politika-elektronskih-podpisov\/#breadcrumb\"},\"inLanguage\":\"sl-SI\",\"potentialAction\":[{\"@type\":\"ReadAction\",\"target\":[\"https:\/\/avtenta.si\/sl\/politika-elektronskih-podpisov\/\"]}]},{\"@type\":\"BreadcrumbList\",\"@id\":\"https:\/\/avtenta.si\/sl\/politika-elektronskih-podpisov\/#breadcrumb\",\"itemListElement\":[{\"@type\":\"ListItem\",\"position\":1,\"name\":\"Home\",\"item\":\"https:\/\/avtenta.si\/sl\/\"},{\"@type\":\"ListItem\",\"position\":2,\"name\":\"Politika elektronskih podpisov\"}]},{\"@type\":\"WebSite\",\"@id\":\"https:\/\/avtenta.si\/sl\/#website\",\"url\":\"https:\/\/avtenta.si\/sl\/\",\"name\":\"Avtenta - SAP re\u0161itve in brezpapirno poslovanje\",\"description\":\"Vodilni strokovnjaki na podro\u010dju SAP re\u0161itev in brezpapirnega poslovanja.\",\"potentialAction\":[{\"@type\":\"SearchAction\",\"target\":{\"@type\":\"EntryPoint\",\"urlTemplate\":\"https:\/\/avtenta.si\/sl\/?s={search_term_string}\"},\"query-input\":{\"@type\":\"PropertyValueSpecification\",\"valueRequired\":true,\"valueName\":\"search_term_string\"}}],\"inLanguage\":\"sl-SI\"}]}<\/script>\n<!-- \/ Yoast SEO plugin. -->","yoast_head_json":{"title":"Politika elektronskih podpisov - Avtenta - SAP re\u0161itve in brezpapirno poslovanje","robots":{"index":"index","follow":"follow","max-snippet":"max-snippet:-1","max-image-preview":"max-image-preview:large","max-video-preview":"max-video-preview:-1"},"canonical":"https:\/\/avtenta.si\/sl\/politika-elektronskih-podpisov\/","og_locale":"sl_SI","og_type":"article","og_title":"Politika elektronskih podpisov - Avtenta - SAP re\u0161itve in brezpapirno poslovanje","og_description":"DomovStran Politika elektronskih podpisov &#8211; namen in terminologija 1.1 Namen Dokument opisuje postopke in pravila elektronskih podpisov v aplikaciji za","og_url":"https:\/\/avtenta.si\/sl\/politika-elektronskih-podpisov\/","og_site_name":"Avtenta - SAP re\u0161itve in brezpapirno poslovanje","article_modified_time":"2026-01-09T11:37:49+00:00","twitter_card":"summary_large_image","twitter_misc":{"Est. reading time":"6 minut"},"schema":{"@context":"https:\/\/schema.org","@graph":[{"@type":"WebPage","@id":"https:\/\/avtenta.si\/sl\/politika-elektronskih-podpisov\/","url":"https:\/\/avtenta.si\/sl\/politika-elektronskih-podpisov\/","name":"Politika elektronskih podpisov - Avtenta - SAP re\u0161itve in brezpapirno poslovanje","isPartOf":{"@id":"https:\/\/avtenta.si\/sl\/#website"},"datePublished":"2025-07-28T14:37:07+00:00","dateModified":"2026-01-09T11:37:49+00:00","breadcrumb":{"@id":"https:\/\/avtenta.si\/sl\/politika-elektronskih-podpisov\/#breadcrumb"},"inLanguage":"sl-SI","potentialAction":[{"@type":"ReadAction","target":["https:\/\/avtenta.si\/sl\/politika-elektronskih-podpisov\/"]}]},{"@type":"BreadcrumbList","@id":"https:\/\/avtenta.si\/sl\/politika-elektronskih-podpisov\/#breadcrumb","itemListElement":[{"@type":"ListItem","position":1,"name":"Home","item":"https:\/\/avtenta.si\/sl\/"},{"@type":"ListItem","position":2,"name":"Politika elektronskih podpisov"}]},{"@type":"WebSite","@id":"https:\/\/avtenta.si\/sl\/#website","url":"https:\/\/avtenta.si\/sl\/","name":"Avtenta - SAP re\u0161itve in brezpapirno poslovanje","description":"Vodilni strokovnjaki na podro\u010dju SAP re\u0161itev in brezpapirnega poslovanja.","potentialAction":[{"@type":"SearchAction","target":{"@type":"EntryPoint","urlTemplate":"https:\/\/avtenta.si\/sl\/?s={search_term_string}"},"query-input":{"@type":"PropertyValueSpecification","valueRequired":true,"valueName":"search_term_string"}}],"inLanguage":"sl-SI"}]}},"_links":{"self":[{"href":"https:\/\/avtenta.si\/sl\/wp-json\/wp\/v2\/pages\/29524","targetHints":{"allow":["GET"]}}],"collection":[{"href":"https:\/\/avtenta.si\/sl\/wp-json\/wp\/v2\/pages"}],"about":[{"href":"https:\/\/avtenta.si\/sl\/wp-json\/wp\/v2\/types\/page"}],"author":[{"embeddable":true,"href":"https:\/\/avtenta.si\/sl\/wp-json\/wp\/v2\/users\/1"}],"replies":[{"embeddable":true,"href":"https:\/\/avtenta.si\/sl\/wp-json\/wp\/v2\/comments?post=29524"}],"version-history":[{"count":37,"href":"https:\/\/avtenta.si\/sl\/wp-json\/wp\/v2\/pages\/29524\/revisions"}],"predecessor-version":[{"id":36398,"href":"https:\/\/avtenta.si\/sl\/wp-json\/wp\/v2\/pages\/29524\/revisions\/36398"}],"wp:attachment":[{"href":"https:\/\/avtenta.si\/sl\/wp-json\/wp\/v2\/media?parent=29524"}],"curies":[{"name":"wp","href":"https:\/\/api.w.org\/{rel}","templated":true}]}}