{"id":22,"date":"2025-07-12T11:02:30","date_gmt":"2025-07-12T11:02:30","guid":{"rendered":"https:\/\/avtenta.si\/sl\/?page_id=22"},"modified":"2025-12-14T15:11:45","modified_gmt":"2025-12-14T15:11:45","slug":"piskotki","status":"publish","type":"page","link":"https:\/\/avtenta.si\/sl\/piskotki\/","title":{"rendered":"Pi\u0161kotki"},"content":{"rendered":"\t\t<div data-elementor-type=\"wp-page\" data-elementor-id=\"22\" class=\"elementor elementor-22\" data-elementor-post-type=\"page\">\n\t\t\t\t<div class=\"wd-negative-gap elementor-element elementor-element-21c23c8b e-flex e-con-boxed e-con e-parent\" data-id=\"21c23c8b\" data-element_type=\"container\">\n\t\t\t\t\t<div class=\"e-con-inner\">\n\t\t\t\t<div class=\"elementor-element elementor-element-50e6920 wd-el-breadcrumbs text-left elementor-widget elementor-widget-wd_element_breadcrumbs\" data-id=\"50e6920\" data-element_type=\"widget\" data-widget_type=\"wd_element_breadcrumbs.default\">\n\t\t\t\t<div class=\"elementor-widget-container\">\n\t\t\t\t\t<nav class=\"wd-breadcrumbs\"><a href=\"https:\/\/avtenta.si\/sl\/\">Domov<\/a><span class=\"wd-delimiter\"><\/span><span class=\"wd-last\">Stran<\/span><\/nav>\t\t\t\t<\/div>\n\t\t\t\t<\/div>\n\t\t\t\t<div class=\"elementor-element elementor-element-6e5a114 elementor-widget__width-initial elementor-widget-tablet__width-inherit wd-width-100 elementor-widget elementor-widget-wd_title\" data-id=\"6e5a114\" data-element_type=\"widget\" data-widget_type=\"wd_title.default\">\n\t\t\t\t<div class=\"elementor-widget-container\">\n\t\t\t\t\t\t\t<div class=\"title-wrapper wd-set-mb reset-last-child wd-title-color-primary wd-title-style-default wd-title-size-large text-left\">\n\n\t\t\t\n\t\t\t<div class=\"liner-continer\">\n\t\t\t\t<h2 class=\"woodmart-title-container title wd-fontsize-xxl\">Obvestilo o <span style=\"color: #eb1e4e\"><b>uporabi pi\u0161kotkov na spletni strani<\/b><\/span><\/h2> \n\t\t\t\t\t\t\t<\/div>\n\n\t\t\t\t\t<\/div>\n\t\t\t\t\t\t<\/div>\n\t\t\t\t<\/div>\n\t\t\t\t<div class=\"elementor-element elementor-element-a7b4ec1 elementor-widget elementor-widget-wd_text_block\" data-id=\"a7b4ec1\" data-element_type=\"widget\" data-widget_type=\"wd_text_block.default\">\n\t\t\t\t<div class=\"elementor-widget-container\">\n\t\t\t\t\t\t\t<div class=\"wd-text-block reset-last-child text-left\">\n\t\t\t\n\t\t\t<p>To obvestilo je podano v skladu z Zakonom o elektronskih komunikacijah (ZEKom-1), ki ureja pravila glede uporabe pi\u0161kotkov in podobnih tehnologij za shranjevanje podatkov ali dostop do podatkov, shranjenih na va\u0161em ra\u010dunalniku ali mobilni napravi.<\/p>\n\t\t\t\t\t<\/div>\n\t\t\t\t\t\t<\/div>\n\t\t\t\t<\/div>\n\t\t\t\t<div class=\"elementor-element elementor-element-d33561a elementor-widget__width-initial elementor-widget-tablet__width-inherit wd-width-100 elementor-widget elementor-widget-wd_title\" data-id=\"d33561a\" data-element_type=\"widget\" data-widget_type=\"wd_title.default\">\n\t\t\t\t<div class=\"elementor-widget-container\">\n\t\t\t\t\t\t\t<div class=\"title-wrapper wd-set-mb reset-last-child wd-title-color-primary wd-title-style-default wd-title-size-large text-left\">\n\n\t\t\t\n\t\t\t<div class=\"liner-continer\">\n\t\t\t\t<h2 class=\"woodmart-title-container title wd-fontsize-xxl\">Kaj so <span style=\"color: #eb1e4e\"><b>pi\u0161kotki?<\/b><\/span><\/h2> \n\t\t\t\t\t\t\t<\/div>\n\n\t\t\t\t\t<\/div>\n\t\t\t\t\t\t<\/div>\n\t\t\t\t<\/div>\n\t\t\t\t<div class=\"elementor-element elementor-element-97e4420 elementor-widget elementor-widget-wd_text_block\" data-id=\"97e4420\" data-element_type=\"widget\" data-widget_type=\"wd_text_block.default\">\n\t\t\t\t<div class=\"elementor-widget-container\">\n\t\t\t\t\t\t\t<div class=\"wd-text-block reset-last-child text-left\">\n\t\t\t\n\t\t\t<p>Pi\u0161kotki so majhne tekstovne datoteke, ki se ob obisku spletne strani prenesejo na va\u0161 ra\u010dunalnik ali mobilno napravo. Pi\u0161kotki obi\u010dajno vsebujejo ime stre\u017enika, s katerega je bil poslan pi\u0161kotek; \u017eivljenjsko dobo pi\u0161kotka in vrednost, ki je obi\u010dajno neko naklju\u010dno generirano edinstveno \u0161tevilo.<\/p><p>Pi\u0161kotki na spletni strani <strong><a style=\"color: #eb1e4e;\" href=\"https:\/\/www.avtenta.si\/sl\">https:\/\/www.avtenta.si\/<\/a><\/strong>\u00a0skrbijo za bolj\u0161o uporabni\u0161ko izku\u0161njo in vam omogo\u010dajo uporabo spletne strani ter funkcionalnosti na strani (prijava v poslovalnico, ogled videov, deljenje vsebin na dru\u017ebenih omre\u017ejih) ter zbirajo agregirane informacije o uporabi na\u0161e spletne strani.<\/p><p>Pi\u0161kotki sami po sebi ne omogo\u010dajo va\u0161e identifikacije in samo z njimi ni mogo\u010de ugotoviti kdo konkretno ste.<\/p>\n\t\t\t\t\t<\/div>\n\t\t\t\t\t\t<\/div>\n\t\t\t\t<\/div>\n\t\t\t\t<div class=\"elementor-element elementor-element-6e43a13 elementor-widget__width-initial elementor-widget-tablet__width-inherit wd-width-100 elementor-widget elementor-widget-wd_title\" data-id=\"6e43a13\" data-element_type=\"widget\" data-widget_type=\"wd_title.default\">\n\t\t\t\t<div class=\"elementor-widget-container\">\n\t\t\t\t\t\t\t<div class=\"title-wrapper wd-set-mb reset-last-child wd-title-color-primary wd-title-style-default wd-title-size-large text-left\">\n\n\t\t\t\n\t\t\t<div class=\"liner-continer\">\n\t\t\t\t<h2 class=\"woodmart-title-container title wd-fontsize-xxl\"> <span style=\"color: #eb1e4e\"><b>Vrste pi\u0161kotkov,<\/b><\/span> ki jih uporabljamo<\/h2> \n\t\t\t\t\t\t\t<\/div>\n\n\t\t\t\t\t<\/div>\n\t\t\t\t\t\t<\/div>\n\t\t\t\t<\/div>\n\t\t\t\t<div class=\"elementor-element elementor-element-b3dded3 elementor-widget elementor-widget-wd_text_block\" data-id=\"b3dded3\" data-element_type=\"widget\" data-widget_type=\"wd_text_block.default\">\n\t\t\t\t<div class=\"elementor-widget-container\">\n\t\t\t\t\t\t\t<div class=\"wd-text-block reset-last-child text-left\">\n\t\t\t\n\t\t\t<h4><strong>Skupina 1 \u2013 nujno potrebni pi\u0161kotki<\/strong><\/h4><p>Med nujno potrebne pi\u0161kotke uvr\u0161\u010damo pi\u0161kotke, ki vam omogo\u010dajo dostop do spletne strani in so klju\u010dni za delovanje posameznih funkcionalnosti spletne strani, zato jih na va\u0161o napravo vedno namestimo. Nastavijo se, ko opravite kakr\u0161no koli interakcijo s spletno stranjo in hkrati ne zbirajo analiti\u010dnih ali drugih podatkov o va\u0161em obisku.<\/p><p>Spodnja tabela prikazuje pi\u0161kotke, ki jih uporabljamo na spletni strani:<\/p><table class=\"table table-stripped\" border=\"0\" cellspacing=\"0\" cellpadding=\"0\"><thead><tr><td valign=\"top\" width=\"104\"><p><strong>STORITEV<\/strong><\/p><\/td><td valign=\"top\" width=\"78\"><p><strong>\u010cAS SHRANJEVANJA PI\u0160KOTKA<\/strong><\/p><\/td><td valign=\"top\" width=\"83\"><p><strong>NAME\u0160\u010cA IN UPRAVLJA S PODATKI<\/strong><\/p><\/td><td valign=\"top\" width=\"217\"><p><strong>NAMEN OBDELAVE S PI\u0160KOTKOM\u00a0 ZBRANIH PODATKOV<\/strong><\/p><\/td><\/tr><\/thead><tbody><tr><td valign=\"top\" width=\"104\"><p>PHPSESSID<\/p><\/td><td valign=\"top\" width=\"78\"><p>do konca seje<\/p><\/td><td valign=\"top\" width=\"83\"><p>Avtenta<\/p><\/td><td valign=\"top\" width=\"217\"><p>Nujno potreben pi\u0161kotek, ki med seboj (anonimno) lo\u010duje posamezne uporabnike strani, vam omogo\u010da ogled strani, prijavo v poslovalnico, ipd. Podatki zbrani s pomo\u010djo pi\u0161kotka se ne delijo s tretjimi osebami.<\/p><\/td><\/tr><tr><td valign=\"top\" width=\"104\"><p>cookieconsent_status<\/p><\/td><td valign=\"top\" width=\"78\"><p>1 leto<\/p><\/td><td valign=\"top\" width=\"83\"><p>Avtenta<\/p><\/td><td valign=\"top\" width=\"217\"><p>S pomo\u010djo tega pi\u0161kotka si zapomnimo va\u0161o izbiro glede name\u0161\u010danja pi\u0161kotkov. Podatki zbrani s pomo\u010djo pi\u0161kotka se ne delijo s tretjimi osebami.<\/p><\/td><\/tr><\/tbody><\/table><h4><strong>Skupina 2 \u2013 lastni analiti\u010dni pi\u0161kotki<\/strong><\/h4><p>Sem spadajoanaliti\u010dni in funkcijski pi\u0161kotki, s katerimi analiziramo promet na spletni strani.<\/p><p>Na\u0161i lastni analiti\u010dni pi\u0161kotki se na va\u0161o napravo namestijo takoj, ko prispete na na\u0161o spletno stran, in se name\u0161\u010dajo vedno, razen v primeru, da v nastavitvah name\u0161\u010danja pi\u0161kotkov izberete mo\u017enost \u00bbSe ne strinjam<\/p><p>Lastni analiti\u010dni pi\u0161kotki ne zbirajo podatkov, ki bi omogo\u010dali va\u0161o identifikacijo. Varovanje va\u0161e zasebnosti zagotavljamo s kodiranjem va\u0161ega IP naslova, tako da va\u0161e naprave na podlagi zbranih podatkov ni mogo\u010de izslediti. Prav tako podatkov zbranih prek na\u0161ih lastnih analiti\u010dnih pi\u0161kotkov ne delimo s tretjimi osebami.<\/p><p>Spodnja tabela prikazuje pi\u0161kotke, ki jih uporabljamo na spletni strani:<\/p><table class=\"table table-stripped\" border=\"0\" cellspacing=\"0\" cellpadding=\"0\"><tbody><tr><td valign=\"top\" width=\"85\"><p><strong>STORITEV<\/strong><\/p><\/td><td valign=\"top\" width=\"78\"><p><strong>\u010cAS SHRANJEVANJA PI\u0160KOTKA<\/strong><\/p><\/td><td valign=\"top\" width=\"85\"><p><strong>NAME\u0160\u010cA IN UPRAVLJA S PODATKI<\/strong><\/p><\/td><td valign=\"top\" width=\"234\"><p><strong>NAMEN OBDELAVE S PI\u0160KOTKOM\u00a0 ZBRANIH PODATKOV<\/strong><\/p><\/td><\/tr><tr><td valign=\"top\" width=\"85\"><p>_ga<\/p><\/td><td valign=\"top\" width=\"78\"><p>2 leti<\/p><\/td><td valign=\"top\" width=\"85\"><p><a href=\"http:\/\/www.google.com\/about\/company\/\">Google Inc.<\/a><\/p><\/td><td valign=\"top\" width=\"234\"><p>Pi\u0161kotki servisa Google Analytics, za analizo obiska na\u0161e spletne strani. Sledijo vam anonimno in ne prepoznajo va\u0161ih osebnih podatkov, zgolj aktivnosti na na\u0161i spletni strani. Dostop do podatkov zbranih prek teh pi\u0161kotkov ni na voljo tretjim osebam.<\/p><\/td><\/tr><tr><td valign=\"top\" width=\"85\"><p>_gat<\/p><\/td><td valign=\"top\" width=\"78\"><p>Do konca seje<\/p><\/td><td valign=\"top\" width=\"85\"><p><a href=\"http:\/\/www.google.com\/about\/company\/\">Google Inc.<\/a><\/p><\/td><td valign=\"top\" width=\"234\"><p>Pi\u0161kotki servisa Google Analytics, za analizo obiska na\u0161e spletne strani. Sledijo vam anonimno in ne prepoznajo va\u0161ih osebnih podatkov, zgolj aktivnosti na na\u0161i spletni strani. Dostop do podatkov zbranih prek teh pi\u0161kotkov ni na voljo tretjim osebam.<\/p><\/td><\/tr><tr><td valign=\"top\" width=\"85\"><p>_gid<\/p><\/td><td valign=\"top\" width=\"78\"><p>Do konca seje<\/p><\/td><td valign=\"top\" width=\"85\"><p><a href=\"http:\/\/www.google.com\/about\/company\/\">Google Inc.<\/a><\/p><\/td><td valign=\"top\" width=\"234\"><p>Pi\u0161kotki servisa Google Analytics, za analizo obiska na\u0161e spletne strani. Sledijo vam anonimno in ne prepoznajo va\u0161ih osebnih podatkov, zgolj aktivnosti na na\u0161i spletni strani. Dostop do podatkov zbranih prek teh pi\u0161kotkov ni na voljo tretjim osebam.\u00a0<\/p><\/td><\/tr><\/tbody><\/table><h4><strong>Skupina 3 \u2013 drugi lastni analiti\u010dni pi\u0161kotki<\/strong><\/h4><p>To so analiti\u010dni in funkcijski pi\u0161kotki, katerih upravljavec je podjetje Avtenta d.o.o in jih neposredno name\u0161\u010da na\u0161a spletna stran. Podatki, ki se zbirajo prek drugih lastnih pi\u0161kotkov, so na voljo tudi ponudniku storitve, prek katerega izvajamo merjenje obiska in uporabe na\u0161e spletne strani.<\/p><p>Spodnja tabela prikazuje pi\u0161kotke, ki jih uporabljamo na spletni strani:<\/p><table class=\"table table-stripped\" border=\"0\" cellspacing=\"0\" cellpadding=\"0\"><tbody><tr><td valign=\"top\" width=\"85\"><p><strong>STORITEV<\/strong><\/p><\/td><td valign=\"top\" width=\"78\"><p><strong>\u010cAS SHRANJEVANJA PI\u0160KOTKA<\/strong><\/p><\/td><td valign=\"top\" width=\"85\"><p><strong>NAME\u0160\u010cA IN UPRAVLJA S PODATKI<\/strong><\/p><\/td><td valign=\"top\" width=\"234\"><p><strong>NAMEN OBDELAVE S PI\u0160KOTKOM\u00a0 ZBRANIH PODATKOV<\/strong><\/p><\/td><\/tr><tr><td valign=\"top\" width=\"85\"><p>__mauuid<\/p><\/td><td valign=\"top\" width=\"78\"><p>18 let<\/p><\/td><td valign=\"top\" width=\"85\"><p><a href=\"http:\/\/www.google.com\/about\/company\/\">ActiveCampaign<\/a><\/p><\/td><td valign=\"top\" width=\"234\"><p>Pi\u0161kotki servisa ActiveCampaign, za uporabo obrazcev in analizo obiska na\u0161e spletne strani. Sledijo vam anonimno in ne prepoznajo va\u0161ih osebnih podatkov, zgolj aktivnosti na na\u0161i spletni strani. Dostop do podatkov zbranih prek teh pi\u0161kotkov ni na voljo tretjim osebam.<\/p><\/td><\/tr><\/tbody><\/table><h4><strong>Skupina 4 \u2013 pi\u0161kotki partnerskih storitev<\/strong><\/h4><p>Sem spadajo pi\u0161kotki na\u0161ih partnerskih storitev, kot so Facebook, LinkedIn, Google idr. Ti pi\u0161kotki omogo\u010dajo uporabo vti\u010dnikov in funkcij na spletni strani, ki so povezane z njihovimi dru\u017ebenimi omre\u017eji in drugimi platformami ter za sledenje va\u0161i uporabi njihovih storitev. Z uporabo spletne strani se strinjate z namestitvijo. \u010ce se s tem ne strinjate, izberite \" Ne sogla\u0161am z uporabo\" in teh pi\u0161kotkov ne bomo namestili. Lahko se zgodi, da vam v tem primeru nekatere zanimive funkcije spletne strani ne bodo na voljo.<\/p><p>Pi\u0161kotki tretjih oseb se name\u0161\u010dajo le, kadar to izrecno dovolite z izbiro mo\u017enosti \u00bbStrinjam se\u00ab v nastavitvah name\u0161\u010danja pi\u0161kotkov na na\u0161i spletni strani. V okviru pi\u0161kotkov tretjih oseb ponujamo bolj\u0161o uporabni\u0161ko izku\u0161njo, deljenje vsebin skozi razli\u010dna socialna omre\u017eja kot tudi prilagajanje ponudbe glede na va\u0161e \u017eelje in potrebe zbrane skozi predhodno brskanje po spletu spletu.<\/p><p><em>Teh pi\u0161kotkov trenutno na strani ne uporabljamo.<\/em><\/p>\n\t\t\t\t\t<\/div>\n\t\t\t\t\t\t<\/div>\n\t\t\t\t<\/div>\n\t\t\t\t\t<\/div>\n\t\t\t\t<\/div>\n\t\t\t\t<\/div>\n\t\t","protected":false},"excerpt":{"rendered":"<p>DomovStran Obvestilo o uporabi pi\u0161kotkov na spletni strani To obvestilo je podano v skladu z Zakonom o elektronskih komunikacijah (ZEKom-1),<\/p>\n","protected":false},"author":1,"featured_media":0,"parent":0,"menu_order":0,"comment_status":"closed","ping_status":"closed","template":"","meta":{"footnotes":""},"class_list":["post-22","page","type-page","status-publish","hentry"],"yoast_head":"<!-- This site is optimized with the Yoast SEO plugin v27.0 - https:\/\/yoast.com\/product\/yoast-seo-wordpress\/ -->\n<title>Pi\u0161kotki - Avtenta - SAP re\u0161itve in brezpapirno poslovanje<\/title>\n<meta name=\"robots\" content=\"index, follow, max-snippet:-1, max-image-preview:large, max-video-preview:-1\" \/>\n<link rel=\"canonical\" href=\"https:\/\/avtenta.si\/sl\/piskotki\/\" \/>\n<meta property=\"og:locale\" content=\"sl_SI\" \/>\n<meta property=\"og:type\" content=\"article\" \/>\n<meta property=\"og:title\" content=\"Pi\u0161kotki - Avtenta - SAP re\u0161itve in brezpapirno poslovanje\" \/>\n<meta property=\"og:description\" content=\"DomovStran Obvestilo o uporabi pi\u0161kotkov na spletni strani To obvestilo je podano v skladu z Zakonom o elektronskih komunikacijah (ZEKom-1),\" \/>\n<meta property=\"og:url\" content=\"https:\/\/avtenta.si\/sl\/piskotki\/\" \/>\n<meta property=\"og:site_name\" content=\"Avtenta - SAP re\u0161itve in brezpapirno poslovanje\" \/>\n<meta property=\"article:modified_time\" content=\"2025-12-14T15:11:45+00:00\" \/>\n<meta name=\"twitter:card\" content=\"summary_large_image\" \/>\n<meta name=\"twitter:label1\" content=\"Est. reading time\" \/>\n\t<meta name=\"twitter:data1\" content=\"5 minut\" \/>\n<script type=\"application\/ld+json\" class=\"yoast-schema-graph\">{\"@context\":\"https:\/\/schema.org\",\"@graph\":[{\"@type\":\"WebPage\",\"@id\":\"https:\/\/avtenta.si\/sl\/piskotki\/\",\"url\":\"https:\/\/avtenta.si\/sl\/piskotki\/\",\"name\":\"Pi\u0161kotki - Avtenta - SAP re\u0161itve in brezpapirno poslovanje\",\"isPartOf\":{\"@id\":\"https:\/\/avtenta.si\/sl\/#website\"},\"datePublished\":\"2025-07-12T11:02:30+00:00\",\"dateModified\":\"2025-12-14T15:11:45+00:00\",\"breadcrumb\":{\"@id\":\"https:\/\/avtenta.si\/sl\/piskotki\/#breadcrumb\"},\"inLanguage\":\"sl-SI\",\"potentialAction\":[{\"@type\":\"ReadAction\",\"target\":[\"https:\/\/avtenta.si\/sl\/piskotki\/\"]}]},{\"@type\":\"BreadcrumbList\",\"@id\":\"https:\/\/avtenta.si\/sl\/piskotki\/#breadcrumb\",\"itemListElement\":[{\"@type\":\"ListItem\",\"position\":1,\"name\":\"Home\",\"item\":\"https:\/\/avtenta.si\/sl\/\"},{\"@type\":\"ListItem\",\"position\":2,\"name\":\"Pi\u0161kotki\"}]},{\"@type\":\"WebSite\",\"@id\":\"https:\/\/avtenta.si\/sl\/#website\",\"url\":\"https:\/\/avtenta.si\/sl\/\",\"name\":\"Avtenta - SAP re\u0161itve in brezpapirno poslovanje\",\"description\":\"Vodilni strokovnjaki na podro\u010dju SAP re\u0161itev in brezpapirnega poslovanja.\",\"potentialAction\":[{\"@type\":\"SearchAction\",\"target\":{\"@type\":\"EntryPoint\",\"urlTemplate\":\"https:\/\/avtenta.si\/sl\/?s={search_term_string}\"},\"query-input\":{\"@type\":\"PropertyValueSpecification\",\"valueRequired\":true,\"valueName\":\"search_term_string\"}}],\"inLanguage\":\"sl-SI\"}]}<\/script>\n<!-- \/ Yoast SEO plugin. -->","yoast_head_json":{"title":"Pi\u0161kotki - Avtenta - SAP re\u0161itve in brezpapirno poslovanje","robots":{"index":"index","follow":"follow","max-snippet":"max-snippet:-1","max-image-preview":"max-image-preview:large","max-video-preview":"max-video-preview:-1"},"canonical":"https:\/\/avtenta.si\/sl\/piskotki\/","og_locale":"sl_SI","og_type":"article","og_title":"Pi\u0161kotki - Avtenta - SAP re\u0161itve in brezpapirno poslovanje","og_description":"DomovStran Obvestilo o uporabi pi\u0161kotkov na spletni strani To obvestilo je podano v skladu z Zakonom o elektronskih komunikacijah (ZEKom-1),","og_url":"https:\/\/avtenta.si\/sl\/piskotki\/","og_site_name":"Avtenta - SAP re\u0161itve in brezpapirno poslovanje","article_modified_time":"2025-12-14T15:11:45+00:00","twitter_card":"summary_large_image","twitter_misc":{"Est. reading time":"5 minut"},"schema":{"@context":"https:\/\/schema.org","@graph":[{"@type":"WebPage","@id":"https:\/\/avtenta.si\/sl\/piskotki\/","url":"https:\/\/avtenta.si\/sl\/piskotki\/","name":"Pi\u0161kotki - Avtenta - SAP re\u0161itve in brezpapirno poslovanje","isPartOf":{"@id":"https:\/\/avtenta.si\/sl\/#website"},"datePublished":"2025-07-12T11:02:30+00:00","dateModified":"2025-12-14T15:11:45+00:00","breadcrumb":{"@id":"https:\/\/avtenta.si\/sl\/piskotki\/#breadcrumb"},"inLanguage":"sl-SI","potentialAction":[{"@type":"ReadAction","target":["https:\/\/avtenta.si\/sl\/piskotki\/"]}]},{"@type":"BreadcrumbList","@id":"https:\/\/avtenta.si\/sl\/piskotki\/#breadcrumb","itemListElement":[{"@type":"ListItem","position":1,"name":"Home","item":"https:\/\/avtenta.si\/sl\/"},{"@type":"ListItem","position":2,"name":"Pi\u0161kotki"}]},{"@type":"WebSite","@id":"https:\/\/avtenta.si\/sl\/#website","url":"https:\/\/avtenta.si\/sl\/","name":"Avtenta - SAP re\u0161itve in brezpapirno poslovanje","description":"Vodilni strokovnjaki na podro\u010dju SAP re\u0161itev in brezpapirnega poslovanja.","potentialAction":[{"@type":"SearchAction","target":{"@type":"EntryPoint","urlTemplate":"https:\/\/avtenta.si\/sl\/?s={search_term_string}"},"query-input":{"@type":"PropertyValueSpecification","valueRequired":true,"valueName":"search_term_string"}}],"inLanguage":"sl-SI"}]}},"_links":{"self":[{"href":"https:\/\/avtenta.si\/sl\/wp-json\/wp\/v2\/pages\/22","targetHints":{"allow":["GET"]}}],"collection":[{"href":"https:\/\/avtenta.si\/sl\/wp-json\/wp\/v2\/pages"}],"about":[{"href":"https:\/\/avtenta.si\/sl\/wp-json\/wp\/v2\/types\/page"}],"author":[{"embeddable":true,"href":"https:\/\/avtenta.si\/sl\/wp-json\/wp\/v2\/users\/1"}],"replies":[{"embeddable":true,"href":"https:\/\/avtenta.si\/sl\/wp-json\/wp\/v2\/comments?post=22"}],"version-history":[{"count":28,"href":"https:\/\/avtenta.si\/sl\/wp-json\/wp\/v2\/pages\/22\/revisions"}],"predecessor-version":[{"id":36105,"href":"https:\/\/avtenta.si\/sl\/wp-json\/wp\/v2\/pages\/22\/revisions\/36105"}],"wp:attachment":[{"href":"https:\/\/avtenta.si\/sl\/wp-json\/wp\/v2\/media?parent=22"}],"curies":[{"name":"wp","href":"https:\/\/api.w.org\/{rel}","templated":true}]}}